{"id":12483,"date":"2023-02-17T11:47:58","date_gmt":"2023-02-17T11:47:58","guid":{"rendered":"https:\/\/aspanin.cat\/politica-de-cookies\/"},"modified":"2023-10-20T11:28:51","modified_gmt":"2023-10-20T11:28:51","slug":"politica-de-cookies","status":"publish","type":"page","link":"https:\/\/aspanin.cat\/es\/politica-de-cookies\/","title":{"rendered":"Pol\u00edtica de cookies"},"content":{"rendered":"\t\t<div data-elementor-type=\"wp-page\" data-elementor-id=\"12483\" class=\"elementor elementor-12483 elementor-792\" data-elementor-post-type=\"page\">\n\t\t\t\t\t\t<section class=\"elementor-section elementor-top-section elementor-element elementor-element-56aa1a13 elementor-section-boxed elementor-section-height-default elementor-section-height-default\" data-id=\"56aa1a13\" data-element_type=\"section\" data-e-type=\"section\">\n\t\t\t\t\t\t<div class=\"elementor-container elementor-column-gap-default\">\n\t\t\t\t\t<div class=\"elementor-column elementor-col-100 elementor-top-column elementor-element elementor-element-63432b62\" data-id=\"63432b62\" data-element_type=\"column\" data-e-type=\"column\">\n\t\t\t<div class=\"elementor-widget-wrap elementor-element-populated\">\n\t\t\t\t\t\t<div class=\"elementor-element elementor-element-4f6a84e4 elementor-widget elementor-widget-heading\" data-id=\"4f6a84e4\" data-element_type=\"widget\" data-e-type=\"widget\" data-widget_type=\"heading.default\">\n\t\t\t\t\t<h1 class=\"elementor-heading-title elementor-size-default\">Pol\u00edtica de cookies<\/h1>\t\t\t\t<\/div>\n\t\t\t\t<div class=\"elementor-element elementor-element-1afc725e elementor-widget-divider--view-line elementor-widget elementor-widget-divider\" data-id=\"1afc725e\" data-element_type=\"widget\" data-e-type=\"widget\" data-widget_type=\"divider.default\">\n\t\t\t\t\t\t\t<div class=\"elementor-divider\">\n\t\t\t<span class=\"elementor-divider-separator\">\n\t\t\t\t\t\t<\/span>\n\t\t<\/div>\n\t\t\t\t\t\t<\/div>\n\t\t\t\t\t<\/div>\n\t\t<\/div>\n\t\t\t\t\t<\/div>\n\t\t<\/section>\n\t\t\t\t<section class=\"elementor-section elementor-top-section elementor-element elementor-element-7e14e757 elementor-section-boxed elementor-section-height-default elementor-section-height-default\" data-id=\"7e14e757\" data-element_type=\"section\" data-e-type=\"section\">\n\t\t\t\t\t\t<div class=\"elementor-container elementor-column-gap-default\">\n\t\t\t\t\t<div class=\"elementor-column elementor-col-100 elementor-top-column elementor-element elementor-element-25f9cf6\" data-id=\"25f9cf6\" data-element_type=\"column\" data-e-type=\"column\">\n\t\t\t<div class=\"elementor-widget-wrap elementor-element-populated\">\n\t\t\t\t\t\t<div class=\"elementor-element elementor-element-3e5476a elementor-widget__width-initial elementor-widget elementor-widget-text-editor\" data-id=\"3e5476a\" data-element_type=\"widget\" data-e-type=\"widget\" data-widget_type=\"text-editor.default\">\n\t\t\t\t\t\t\t\t\tFundaci\u00f3 i Gesti\u00f3 informa sobre l&#8217;\u00fas dels cookies en la seva p\u00e0gina web: <a href=\"https:\/\/aspanin.cat\/es\/\">fundaciogestioisuport.cat<\/a> <br><br>\n<h3><span style=\"color: #96c11f;\">1. Qu\u00e9 son las cookies?<\/span><\/h3>\nLas cookies son archivos que se pueden descargar en su equipo a trav\u00e9s de las p\u00e1ginas\nweb. Son herramientas que tienen un papel esencial para la prestaci\u00f3n de numerosos\nservicios de la sociedad de la informaci\u00f3n. Entre otros, permiten en una p\u00e1gina web\nalmacenar y recuperar informaci\u00f3n sobre los h\u00e1bitos de navegaci\u00f3n de un usuario o del\nsienta equipo y, dependiendo de la informaci\u00f3n obtenida, se pueden utilizar para\nreconocer al usuario y mejorar el servicio ofrecido.<br><br>\n<h3><span style=\"color: #96c11f;\">2. \u00bfPor qu\u00e9 utilizamos cookies?<\/span><\/h3>\n<span style=\"color: #96c11f;\"><b>ASPANIN<\/b><\/span> utiliza cookies estrictamente necesarias y esenciales porque utiliz\u00e1is nuestros sitios web y le permitan mover libremente, utilizar \u00e1reas seguras, opciones personalizadas, etc. Adem\u00e1s, <span style=\"color: #96c11f;\"><b>ASPANIN<\/b><\/span> utiliza cookies que recogen datos relativos al an\u00e1lisis de uso de la web. Estas se utilizan para ayudar a mejorar el servicio al cliente, mesurando el uso y el rendimiento de la p\u00e1gina, para optimizarla y personalizarla.\n\nNuestros lugares tambi\u00e9n pueden tener enlaces de redes sociales (como Facebook o Twitter). <span style=\"color: #96c11f;\"><b>ASPANIN<\/b><\/span> no controla las cookies utilizadas por estas webs externas. Para mayor informaci\u00f3n sobre las cookies de las redes sociales u otras Webs ajenas, aconsejamos revisar sus propias pol\u00edticas de cookies.\n\nEste sitio web utiliza \u201ccookies\u201d de la siguiente manera:\n<ul>\n \t<li>Cookie de Google ANALYTICS: Google ANALYTICS es un servicio gratuito que ofrece Google Inc. y que recoge informaci\u00f3n sobre las p\u00e1ginas de la web consultada, a qu\u00e9 hora, qu\u00e9 navegador Web, etc. Posteriormente, esta informaci\u00f3n se env\u00eda a los servidores de Google Inc. en los Estados Unidos.<\/li>\n \t<li>Cookies de aplicaci\u00f3n \u201cAdd-*this\u201d: Add-*this es un servicio gratuito que le permite compartir p\u00e1ginas de este sitio web por diferentes medios (correo electr\u00f3nico, redes sociales, etc.). Add-*this compila informaci\u00f3n estad\u00edstica de vuestra navegaci\u00f3n para proporcionar publicidad adaptada a sus h\u00e1bitos de navegaci\u00f3n en este sitio web o en cualquier otro lugar.<\/li>\n<\/ul><br>\n<h3><span style=\"color: #96c11f;\">3. \u00bfQu\u00e9 uso le damos a los diferentes tipos de cookies ?<\/span><\/h3>\n<span style=\"color: #96c11f;\"><b>Seg\u00fan su finalidad:<\/b><\/span>\n<ul>\n \t<li>Cookies t\u00e9cnicas: Las cookies t\u00e9cnicas son aquellas imprescindibles y estrictamente necesarias para el correcto funcionamiento de un portal web y la utilizaci\u00f3n de las diferentes opciones y servicios que ofrece. Por ejemplo, las que sirven para el mantenimiento de la sesi\u00f3n, la gesti\u00f3n del tiempo de respuesta, rendimiento o validaci\u00f3n de opciones, utilizar elementos de seguridad, compartir contenido con redes sociales, etc.<\/li>\n \t<li>Cookies de personalizaci\u00f3n: Estas cookies permiten al usuario especificar o personalizar algunas caracter\u00edsticas de las opciones generales de la p\u00e1gina web, por ejemplo, definir el idioma, configuraci\u00f3n regional o tipo de navegador.<\/li>\n \t<li>Cookies anal\u00edticas: Las cookies anal\u00edticas son las utilizadas por nuestro portal web, para elaborar perfiles de navegaci\u00f3n y poder conocer las preferencias de los usuarios del mismo para mejorar la oferta de productos y servicios. Por ejemplo, mediante una \u00abcookie\u00bb anal\u00edtica se controlar\u00edan las \u00e1reas geogr\u00e1ficas de mayor inter\u00e9s de un usuario, cu\u00e1l es el producto de m\u00e1s aceptaci\u00f3n, etc.<\/li>\n \t<li>Cookies publicitarias \/ de publicidad: Las cookies publicitarias permiten la gesti\u00f3n de los espacios publicitarios en base a criterios concretos. Por ejemplo la frecuencia de acceso, el contenido editado, etc. Las cookies de publicidad permiten a trav\u00e9s de la gesti\u00f3n de la publicidad almacenar informaci\u00f3n del comportamiento a trav\u00e9s de la observaci\u00f3n de h\u00e1bitos, estudiando los accesos y formando un perfil de preferencias del usuario, para ofrecer publicidad relacionada con los intereses de su perfil.<\/li>\n<\/ul>\n<span style=\"color: #96c11f;\"><b>Seg\u00fan plazo:<\/b><\/span>\n<ul>\n \t<li>Cookies de sesi\u00f3n: Las cookies de sesi\u00f3n son aquellas que duran el tiempo que el usuario est\u00e1 navegando por la p\u00e1gina web y se borran al t\u00e9rmino.<\/li>\n \t<li>Cookies persistentes: Estas cookies quedan almacenadas en el terminal del usuario, por un tiempo m\u00e1s largo, facilitando as\u00ed el control de las preferencias elegidas sin tener que repetir ciertos par\u00e1metros cada vez que se visite el sitio web.<\/li>\n<\/ul><br>\n<h3><span style=\"color: #96c11f;\">4. Y si no quiero tener estas cookies o no hago nada al respeto?<\/span><\/h3>\nPara cumplir con la legislaci\u00f3n vigente, tenemos que pedir su permiso para gestionar cookies. Si decide no autorizar el tratamiento indicando la no conformidad, solo utilizar\u00edamos las cookies t\u00e9cnicas, puesto que son imprescindibles para la navegaci\u00f3n por nuestra web. En este caso, no almacenar\u00edamos ninguna galleta. En el caso de seguir navegando por nuestro sitio web sin denegar su autorizaci\u00f3n implica que acepta su uso.\n\nTened en cuenta que si rechaza o borra las cookies de navegaci\u00f3n por la Web, no podremos mantener sus preferencias, algunas caracter\u00edsticas de las p\u00e1ginas no estar\u00e1n operativas, no podremos ofrecerle servicios personalizados y cada vez que vaya a navegar por nuestra web tendremos que solicitar de nuevo su autorizaci\u00f3n para el uso de cookies.\n\nSi aun as\u00ed, decide modificar la configuraci\u00f3n de su acceso a la p\u00e1gina web, tiene que saber que es posible eliminar las cookies o impedir que se registre esta informaci\u00f3n en su equipo en cualquier momento mediante la modificaci\u00f3n de los par\u00e1metros de configuraci\u00f3n de su navegador:\n<ul>\n \t<li><span style=\"color: #96c11f;\"><a style=\"color: #96c11f;\" href=\"https:\/\/support.microsoft.com\/es-es\/help\/17442\/windows-internet-explorer-delete-manage-cookies\">Configuraci\u00f3n de cookies de Internet Explorer.<\/a><\/span><\/li>\n \t<li><span style=\"color: #96c11f;\"><a style=\"color: #96c11f;\" href=\"https:\/\/support.mozilla.org\/es\/kb\/habilitar-y-deshabilitar-cookies-sitios-web-rastrear-preferencias\">Configuraci\u00f3n de cookies de Firefox.<\/a><\/span><\/li>\n \t<li><span style=\"color: #96c11f;\"><a style=\"color: #96c11f;\" href=\"https:\/\/support.google.com\/chrome\/answer\/95647?co=GENIE.Platform%3DDesktop&amp;hl=es-419\">Configuraci\u00f3n de cookies de Google Chrome.<\/a><\/span><\/li>\n \t<li><span style=\"color: #96c11f;\"><a style=\"color: #96c11f;\" href=\"https:\/\/support.apple.com\/kb\/ph21411?locale=es_ES\">Configuraci\u00f3n de cookies de Safari.<\/a><\/span><\/li>\n<\/ul>\nEstos navegadores est\u00e1n sometidos a actualizaciones o modificaciones, por el que no podemos garantizar que se ajusten completamente a la versi\u00f3n de su navegador. Tambi\u00e9n puede ser que utilice otro navegador no contemplado en estos enlaces como por ejemplo Konqueror, Arora, Flock, etc. Para evitar estos desajustos, puede acceder directamente desde las opciones de su navegador que se encuentra generalmente en el men\u00fa de Opciones, a la secci\u00f3n de \u201cPrivacidad\u201d. (Por favor, consult\u00e1is la ayuda de su navegador para mayor informaci\u00f3n.)<br><br>\n<h3><span style=\"color: #96c11f;\">5. \u00bfDonde puedo obtener m\u00e1s informaci\u00f3n?<\/span><\/h3>\nPuedes encontrar m\u00e1s informaci\u00f3n sobre cookies en:\n\n<a href=\"https:\/\/aspanin.cat\/politica-de-cookies\/www.allaboutcookies.org\"><span style=\"color: #96c11f;\">www.allaboutcookies.org<\/span><\/a> o <span style=\"color: #96c11f;\"><a style=\"color: #96c11f;\" href=\"https:\/\/aspanin.cat\/politica-de-cookies\/www.youronlinechoices.eu\">www.youronlinechoices.eu<\/a><\/span>.<br><br>\n<h3><span style=\"color: #96c11f;\">6. Declaraci\u00f3n de Cookies utilizadas a fundaciogestioisuport.cat:<\/span><\/h3>\nNOMBRE DE LA COOKIE &#8211; PROVEEDOR &#8211; TIEMPO DE CADUCIDAD &#8211; FUNCI\u00d3N\n<ul>\n \t<li style=\"list-style-type: none;\">\n<ul>\n \t<li>cmplz_banner-status &#8211; fundaciogestioisuport.com (propia) &#8211; 1 a\u00f1o &#8211;\nrastrear el estado del banner de consentimiento de cookies en un sitio web. Esta cookie almacena informaci\u00f3n sobre si el usuario ha interactuado con el banner de cookies, como si ha dado su consentimiento o ha cerrado el banner<\/li>\n \t<li>cmplz_consented_services &#8211; fundaciogestioisuport.com (propia) &#8211; 1 a\u00f1o &#8211;\nalmacenar informaci\u00f3n sobre los servicios espec\u00edficos a los cuales un usuario ha dado su consentimiento en relaci\u00f3n con las cookies<\/li>\n \t<li>cmplz_functional &#8211; fundaciogestioisuport.com (propia) &#8211; 1 a\u00f1o &#8211;\nrastrear el consentimiento dado por el usuario para las cookies funcionales<\/li>\n \t<li>cmplz_marketing &#8211; fundaciogestioisuport.com (propia) &#8211; 1 a\u00f1o &#8211;\nalmacena el consentimiento del usuario para las cookies de marketing<\/li>\n \t<li>cmplz_policy_id &#8211; fundaciogestioisuport.com (propia) &#8211; 1 a\u00f1o &#8211; contiene un identificador \u00fanico relacionado con la pol\u00edtica de privacidad o el aviso de cookies aceptado por el usuario<\/li>\n \t<li>cmplz_preferences &#8211; fundaciogestioisuport.com (propia) &#8211; 1 a\u00f1o &#8211; almacenar las preferencias del usuario respecto a las cookies<\/li>\n \t<li>cmplz_statistics &#8211; fundaciogestioisuport.com (propia) &#8211; 1 a\u00f1o &#8211;\nrastrear el consentimiento del usuario en relaci\u00f3n con las cookies estad\u00edsticas<\/li>\n \t<li>wp-wpml_current_language &#8211; fundaciogestioisuport.com (propia) &#8211; por sesi\u00f3n (no se guarda) &#8211;\nest\u00e1 relacionada con el plugin WPML (WordPress multilingual), que se utiliza para gestionar sitios web multiling\u00fces. Almacena el idioma actual seleccionado por el usuario para mostrar el contenido en el idioma adecuado<\/li>\n<\/ul>\n<\/li>\n<\/ul>\n&nbsp;\n<ul>\n \t<li style=\"list-style-type: none;\">\n<ul>\n \t<li>_GRECAPTCHA &#8211; www.google.com (de terceros) &#8211; 6 meses &#8211; parte de la soluci\u00f3n reCAPTCHA proporcionada por Google. Esta cookie se utiliza para distinguir a los usuarios y prevenir el abuso del servicio reCAPTCHA, que se utiliza para proteger los formularios en l\u00ednea de botes y actividades maliciosas. Su funci\u00f3n es ayudar a determinar si un usuario es un humano o un bote, lo cual permite al sitio web protegerse contra el spam y el abuso<\/li>\n \t<li>CONSENT- .google.com (de terceros) &#8211; 2 a\u00f1os &#8211; se utiliza para rastrear el consentimiento del usuario en relaci\u00f3n con las pol\u00edticas y termas de Google. Su funci\u00f3n es registrar si un usuario ha dado su consentimiento a las pol\u00edticas y termas de servicio de Google<\/li>\n<\/ul>\n<\/li>\n<\/ul>\n&nbsp;\n<ul>\n \t<li>VISITOR_INFO1_LIVE &#8211; .youtube.com (de terceros) &#8211; 6 meses &#8211; se utiliza para rastrear la informaci\u00f3n del usuario y configuraci\u00f3n de preferencias relacionadas con la visualizaci\u00f3n de videos de YouTube. Esta cookie puede almacenar datos sobre la resoluci\u00f3n de pantalla y otras preferencias de visualizaci\u00f3n de videos.<\/li>\n \t<li>CONSENT &#8211; .youtube.com (de terceros) &#8211; 2 a\u00f1os &#8211; se utiliza para registrar el consentimiento del usuario respecto a las pol\u00edticas y termas de servicio de Google. Puede indicar si un usuario ha aceptado o rechazado los t\u00e9rminos de servicio y las pol\u00edticas de privacidad de Google<\/li>\n \t<li>YSC &#8211; .youtube.com (de terceros) &#8211; por sesi\u00f3n (no se guarda) &#8211; se utiliza para rastrear la interacci\u00f3n del usuario con videos de YouTube incorporados en sitios web. Registra un identificador \u00fanico para el video que el usuario est\u00e1 viendo y rastrea estad\u00edsticas sobre c\u00f3mo interact\u00faa el usuario con el video, como cu\u00e1nto tiempo pasa vi\u00e9ndolo y las acciones que realiza<\/li>\n<\/ul>\t\t\t\t\t\t\t\t<\/div>\n\t\t\t\t\t<\/div>\n\t\t<\/div>\n\t\t\t\t\t<\/div>\n\t\t<\/section>\n\t\t\t\t<\/div>\n\t\t","protected":false},"excerpt":{"rendered":"<p>Pol\u00edtica de cookies Fundaci\u00f3 i Gesti\u00f3 informa sobre l&#8217;\u00fas dels cookies en la seva p\u00e0gina web: fundaciogestioisuport.cat 1. Qu\u00e9 son las cookies? Las cookies son archivos que se pueden descargar en su equipo a trav\u00e9s de las p\u00e1ginas web. Son herramientas que tienen un papel esencial para la prestaci\u00f3n de numerosos servicios de la sociedad [&hellip;]<\/p>\n","protected":false},"author":1,"featured_media":0,"parent":0,"menu_order":0,"comment_status":"closed","ping_status":"closed","template":"","meta":{"site-sidebar-layout":"no-sidebar","site-content-layout":"page-builder","ast-site-content-layout":"default","site-content-style":"default","site-sidebar-style":"default","ast-global-header-display":"","ast-banner-title-visibility":"","ast-main-header-display":"","ast-hfb-above-header-display":"","ast-hfb-below-header-display":"","ast-hfb-mobile-header-display":"","site-post-title":"disabled","ast-breadcrumbs-content":"","ast-featured-img":"disabled","footer-sml-layout":"","ast-disable-related-posts":"","theme-transparent-header-meta":"default","adv-header-id-meta":"","stick-header-meta":"","header-above-stick-meta":"","header-main-stick-meta":"","header-below-stick-meta":"","astra-migrate-meta-layouts":"default","ast-page-background-enabled":"default","ast-page-background-meta":{"desktop":{"background-color":"var(--ast-global-color-4)","background-image":"","background-repeat":"repeat","background-position":"center center","background-size":"auto","background-attachment":"scroll","background-type":"","background-media":"","overlay-type":"","overlay-color":"","overlay-opacity":"","overlay-gradient":""},"tablet":{"background-color":"","background-image":"","background-repeat":"repeat","background-position":"center center","background-size":"auto","background-attachment":"scroll","background-type":"","background-media":"","overlay-type":"","overlay-color":"","overlay-opacity":"","overlay-gradient":""},"mobile":{"background-color":"","background-image":"","background-repeat":"repeat","background-position":"center center","background-size":"auto","background-attachment":"scroll","background-type":"","background-media":"","overlay-type":"","overlay-color":"","overlay-opacity":"","overlay-gradient":""}},"ast-content-background-meta":{"desktop":{"background-color":"var(--ast-global-color-5)","background-image":"","background-repeat":"repeat","background-position":"center center","background-size":"auto","background-attachment":"scroll","background-type":"","background-media":"","overlay-type":"","overlay-color":"","overlay-opacity":"","overlay-gradient":""},"tablet":{"background-color":"var(--ast-global-color-5)","background-image":"","background-repeat":"repeat","background-position":"center center","background-size":"auto","background-attachment":"scroll","background-type":"","background-media":"","overlay-type":"","overlay-color":"","overlay-opacity":"","overlay-gradient":""},"mobile":{"background-color":"var(--ast-global-color-5)","background-image":"","background-repeat":"repeat","background-position":"center center","background-size":"auto","background-attachment":"scroll","background-type":"","background-media":"","overlay-type":"","overlay-color":"","overlay-opacity":"","overlay-gradient":""}},"footnotes":""},"class_list":["post-12483","page","type-page","status-publish","hentry"],"yoast_head":"<!-- This site is optimized with the Yoast SEO plugin v27.5 - https:\/\/yoast.com\/product\/yoast-seo-wordpress\/ -->\n<title>Pol\u00edtica de cookies - ASPANIN<\/title>\n<meta name=\"robots\" content=\"index, follow, max-snippet:-1, max-image-preview:large, max-video-preview:-1\" \/>\n<link rel=\"canonical\" href=\"https:\/\/aspanin.cat\/es\/politica-de-cookies\/\" \/>\n<meta property=\"og:locale\" content=\"es_ES\" \/>\n<meta property=\"og:type\" content=\"article\" \/>\n<meta property=\"og:title\" content=\"Pol\u00edtica de cookies - ASPANIN\" \/>\n<meta property=\"og:description\" content=\"Pol\u00edtica de cookies Fundaci\u00f3 i Gesti\u00f3 informa sobre l&#8217;\u00fas dels cookies en la seva p\u00e0gina web: fundaciogestioisuport.cat 1. Qu\u00e9 son las cookies? Las cookies son archivos que se pueden descargar en su equipo a trav\u00e9s de las p\u00e1ginas web. Son herramientas que tienen un papel esencial para la prestaci\u00f3n de numerosos servicios de la sociedad [&hellip;]\" \/>\n<meta property=\"og:url\" content=\"https:\/\/aspanin.cat\/es\/politica-de-cookies\/\" \/>\n<meta property=\"og:site_name\" content=\"ASPANIN\" \/>\n<meta property=\"article:modified_time\" content=\"2023-10-20T11:28:51+00:00\" \/>\n<meta name=\"twitter:card\" content=\"summary_large_image\" \/>\n<meta name=\"twitter:label1\" content=\"Tiempo de lectura\" \/>\n\t<meta name=\"twitter:data1\" content=\"8 minutos\" \/>\n<script type=\"application\/ld+json\" class=\"yoast-schema-graph\">{\"@context\":\"https:\\\/\\\/schema.org\",\"@graph\":[{\"@type\":\"WebPage\",\"@id\":\"https:\\\/\\\/aspanin.cat\\\/es\\\/politica-de-cookies\\\/\",\"url\":\"https:\\\/\\\/aspanin.cat\\\/es\\\/politica-de-cookies\\\/\",\"name\":\"Pol\u00edtica de cookies - ASPANIN\",\"isPartOf\":{\"@id\":\"https:\\\/\\\/aspanin.cat\\\/es\\\/#website\"},\"datePublished\":\"2023-02-17T11:47:58+00:00\",\"dateModified\":\"2023-10-20T11:28:51+00:00\",\"inLanguage\":\"es\",\"potentialAction\":[{\"@type\":\"ReadAction\",\"target\":[\"https:\\\/\\\/aspanin.cat\\\/es\\\/politica-de-cookies\\\/\"]}]},{\"@type\":\"WebSite\",\"@id\":\"https:\\\/\\\/aspanin.cat\\\/es\\\/#website\",\"url\":\"https:\\\/\\\/aspanin.cat\\\/es\\\/\",\"name\":\"ASPANIN\",\"description\":\"Pro persones amb discapacitat intel\u00b7lectual i les seves fam\u00edlies\",\"publisher\":{\"@id\":\"https:\\\/\\\/aspanin.cat\\\/es\\\/#organization\"},\"potentialAction\":[{\"@type\":\"SearchAction\",\"target\":{\"@type\":\"EntryPoint\",\"urlTemplate\":\"https:\\\/\\\/aspanin.cat\\\/es\\\/?s={search_term_string}\"},\"query-input\":{\"@type\":\"PropertyValueSpecification\",\"valueRequired\":true,\"valueName\":\"search_term_string\"}}],\"inLanguage\":\"es\"},{\"@type\":\"Organization\",\"@id\":\"https:\\\/\\\/aspanin.cat\\\/es\\\/#organization\",\"name\":\"ASPANIN\",\"url\":\"https:\\\/\\\/aspanin.cat\\\/es\\\/\",\"logo\":{\"@type\":\"ImageObject\",\"inLanguage\":\"es\",\"@id\":\"https:\\\/\\\/aspanin.cat\\\/es\\\/#\\\/schema\\\/logo\\\/image\\\/\",\"url\":\"https:\\\/\\\/aspanin.cat\\\/wp-content\\\/uploads\\\/2020\\\/07\\\/logo.gif\",\"contentUrl\":\"https:\\\/\\\/aspanin.cat\\\/wp-content\\\/uploads\\\/2020\\\/07\\\/logo.gif\",\"width\":587,\"height\":190,\"caption\":\"ASPANIN\"},\"image\":{\"@id\":\"https:\\\/\\\/aspanin.cat\\\/es\\\/#\\\/schema\\\/logo\\\/image\\\/\"}}]}<\/script>\n<!-- \/ Yoast SEO plugin. -->","yoast_head_json":{"title":"Pol\u00edtica de cookies - ASPANIN","robots":{"index":"index","follow":"follow","max-snippet":"max-snippet:-1","max-image-preview":"max-image-preview:large","max-video-preview":"max-video-preview:-1"},"canonical":"https:\/\/aspanin.cat\/es\/politica-de-cookies\/","og_locale":"es_ES","og_type":"article","og_title":"Pol\u00edtica de cookies - ASPANIN","og_description":"Pol\u00edtica de cookies Fundaci\u00f3 i Gesti\u00f3 informa sobre l&#8217;\u00fas dels cookies en la seva p\u00e0gina web: fundaciogestioisuport.cat 1. Qu\u00e9 son las cookies? Las cookies son archivos que se pueden descargar en su equipo a trav\u00e9s de las p\u00e1ginas web. Son herramientas que tienen un papel esencial para la prestaci\u00f3n de numerosos servicios de la sociedad [&hellip;]","og_url":"https:\/\/aspanin.cat\/es\/politica-de-cookies\/","og_site_name":"ASPANIN","article_modified_time":"2023-10-20T11:28:51+00:00","twitter_card":"summary_large_image","twitter_misc":{"Tiempo de lectura":"8 minutos"},"schema":{"@context":"https:\/\/schema.org","@graph":[{"@type":"WebPage","@id":"https:\/\/aspanin.cat\/es\/politica-de-cookies\/","url":"https:\/\/aspanin.cat\/es\/politica-de-cookies\/","name":"Pol\u00edtica de cookies - ASPANIN","isPartOf":{"@id":"https:\/\/aspanin.cat\/es\/#website"},"datePublished":"2023-02-17T11:47:58+00:00","dateModified":"2023-10-20T11:28:51+00:00","inLanguage":"es","potentialAction":[{"@type":"ReadAction","target":["https:\/\/aspanin.cat\/es\/politica-de-cookies\/"]}]},{"@type":"WebSite","@id":"https:\/\/aspanin.cat\/es\/#website","url":"https:\/\/aspanin.cat\/es\/","name":"ASPANIN","description":"Pro persones amb discapacitat intel\u00b7lectual i les seves fam\u00edlies","publisher":{"@id":"https:\/\/aspanin.cat\/es\/#organization"},"potentialAction":[{"@type":"SearchAction","target":{"@type":"EntryPoint","urlTemplate":"https:\/\/aspanin.cat\/es\/?s={search_term_string}"},"query-input":{"@type":"PropertyValueSpecification","valueRequired":true,"valueName":"search_term_string"}}],"inLanguage":"es"},{"@type":"Organization","@id":"https:\/\/aspanin.cat\/es\/#organization","name":"ASPANIN","url":"https:\/\/aspanin.cat\/es\/","logo":{"@type":"ImageObject","inLanguage":"es","@id":"https:\/\/aspanin.cat\/es\/#\/schema\/logo\/image\/","url":"https:\/\/aspanin.cat\/wp-content\/uploads\/2020\/07\/logo.gif","contentUrl":"https:\/\/aspanin.cat\/wp-content\/uploads\/2020\/07\/logo.gif","width":587,"height":190,"caption":"ASPANIN"},"image":{"@id":"https:\/\/aspanin.cat\/es\/#\/schema\/logo\/image\/"}}]}},"_links":{"self":[{"href":"https:\/\/aspanin.cat\/es\/wp-json\/wp\/v2\/pages\/12483","targetHints":{"allow":["GET"]}}],"collection":[{"href":"https:\/\/aspanin.cat\/es\/wp-json\/wp\/v2\/pages"}],"about":[{"href":"https:\/\/aspanin.cat\/es\/wp-json\/wp\/v2\/types\/page"}],"author":[{"embeddable":true,"href":"https:\/\/aspanin.cat\/es\/wp-json\/wp\/v2\/users\/1"}],"replies":[{"embeddable":true,"href":"https:\/\/aspanin.cat\/es\/wp-json\/wp\/v2\/comments?post=12483"}],"version-history":[{"count":18,"href":"https:\/\/aspanin.cat\/es\/wp-json\/wp\/v2\/pages\/12483\/revisions"}],"predecessor-version":[{"id":13010,"href":"https:\/\/aspanin.cat\/es\/wp-json\/wp\/v2\/pages\/12483\/revisions\/13010"}],"wp:attachment":[{"href":"https:\/\/aspanin.cat\/es\/wp-json\/wp\/v2\/media?parent=12483"}],"curies":[{"name":"wp","href":"https:\/\/api.w.org\/{rel}","templated":true}]}}