{"id":12479,"date":"2023-02-17T11:48:32","date_gmt":"2023-02-17T11:48:32","guid":{"rendered":"https:\/\/aspanin.cat\/aviso-legal\/"},"modified":"2023-10-23T10:00:14","modified_gmt":"2023-10-23T10:00:14","slug":"aviso-legal","status":"publish","type":"page","link":"https:\/\/aspanin.cat\/es\/aviso-legal\/","title":{"rendered":"Aviso legal"},"content":{"rendered":"\t\t<div data-elementor-type=\"wp-page\" data-elementor-id=\"12479\" class=\"elementor elementor-12479 elementor-794\" data-elementor-post-type=\"page\">\n\t\t\t\t\t\t<section class=\"elementor-section elementor-top-section elementor-element elementor-element-b4f510a elementor-section-boxed elementor-section-height-default elementor-section-height-default\" data-id=\"b4f510a\" data-element_type=\"section\" data-e-type=\"section\">\n\t\t\t\t\t\t<div class=\"elementor-container elementor-column-gap-default\">\n\t\t\t\t\t<div class=\"elementor-column elementor-col-100 elementor-top-column elementor-element elementor-element-58167019\" data-id=\"58167019\" data-element_type=\"column\" data-e-type=\"column\">\n\t\t\t<div class=\"elementor-widget-wrap elementor-element-populated\">\n\t\t\t\t\t\t<div class=\"elementor-element elementor-element-4fc0519e elementor-widget elementor-widget-heading\" data-id=\"4fc0519e\" data-element_type=\"widget\" data-e-type=\"widget\" data-widget_type=\"heading.default\">\n\t\t\t\t\t<h1 class=\"elementor-heading-title elementor-size-default\">Aviso legal<\/h1>\t\t\t\t<\/div>\n\t\t\t\t<div class=\"elementor-element elementor-element-114f2d12 elementor-widget-divider--view-line elementor-widget elementor-widget-divider\" data-id=\"114f2d12\" data-element_type=\"widget\" data-e-type=\"widget\" data-widget_type=\"divider.default\">\n\t\t\t\t\t\t\t<div class=\"elementor-divider\">\n\t\t\t<span class=\"elementor-divider-separator\">\n\t\t\t\t\t\t<\/span>\n\t\t<\/div>\n\t\t\t\t\t\t<\/div>\n\t\t\t\t\t<\/div>\n\t\t<\/div>\n\t\t\t\t\t<\/div>\n\t\t<\/section>\n\t\t\t\t<section class=\"elementor-section elementor-top-section elementor-element elementor-element-539304fd elementor-section-boxed elementor-section-height-default elementor-section-height-default\" data-id=\"539304fd\" data-element_type=\"section\" data-e-type=\"section\">\n\t\t\t\t\t\t<div class=\"elementor-container elementor-column-gap-default\">\n\t\t\t\t\t<div class=\"elementor-column elementor-col-100 elementor-top-column elementor-element elementor-element-4583edb\" data-id=\"4583edb\" data-element_type=\"column\" data-e-type=\"column\">\n\t\t\t<div class=\"elementor-widget-wrap elementor-element-populated\">\n\t\t\t\t\t\t<div class=\"elementor-element elementor-element-f455e11 elementor-widget elementor-widget-text-editor\" data-id=\"f455e11\" data-element_type=\"widget\" data-e-type=\"widget\" data-widget_type=\"text-editor.default\">\n\t\t\t\t\t\t\t\t\t<h3><span style=\"color: #96c11f;\">1. Informaci\u00f3n corporativa<\/span><\/h3>\n<p>En cumplimiento de la Ley 34\/2002, de 11 de julio, de servicios de la sociedad de la informaci\u00f3n y de comercio electr\u00f3nico, <span style=\"color: #96c11f;\"><b>ASPANIN<\/b><\/span>lo informa que es titular de los sitios web:<span style=\"color: #96c11f;\"><b>www.fundaciogestioisuport.cat<\/b><\/span>, de acuerdo con la exigencia del art\u00edculo 10 de la mencionada Ley, <span style=\"color: #96c11f;\"><b>ASPANIN<\/b><\/span>, notifica los datos siguientes: el titular de esta p\u00e1gina web es <span style=\"color: #96c11f;\"><b>ASPANIN<\/b><\/span> con CIF\/NIF: <span style=\"color: #96c11f;\"><b>G08572554<\/b><\/span>. Entidad p\u00fablica: <span style=\"color: #96c11f;\"><b>ASSOCIACIONS DE BARCELONA, SECCI\u00d3N 1A<\/b><\/span>, con n\u00aa de registro <span style=\"color: #96c11f;\"><b>696<\/b><\/span> y Domicilio Social: <span style=\"color: #96c11f;\"><b>SAN MIQUEL,55 1ER PIS<\/b>.<\/span> C\u00f3digo Postal: <span style=\"color: #96c11f;\"><b>08911<\/b><\/span>. Localidad: <span style=\"color: #96c11f;\"><b>BADALONA<\/b><\/span>, Provincia: <span style=\"color: #96c11f;\"><b>BARCELONA<\/b><\/span>. La direcci\u00f3n de correo electr\u00f3nico de contacto es: <span style=\"color: #96c11f;\"><a style=\"color: #96c11f;\" href=\"mailto:aspanin@aspanin.cat\">aspanin@aspanin.cat<\/a><\/span>.<\/p>\n<\/p>\n<h3><span style=\"color: #96c11f;\">2. Usuario y r\u00e9gimen de responsabilidades<\/span><\/h3>\n<p>La navegaci\u00f3n por acceso y uso de la p\u00e1gina web<span style=\"color: #96c11f;\"> <b>www.fundaciogestioisuport.cat<\/b><\/span> y todos los subdominios y directorios incluidos bajo la misma, as\u00ed como los servicios o contenidos que a trav\u00e9s de \u00e9l se puedan obtener y todos los portales de dominio propio bajo titularidad de <span style=\"color: #96c11f;\"><b>ASPANIN<\/b><\/span>, otorga la condici\u00f3n <span style=\"color: #96c11f;\">de <b>Usuario<\/b><\/span>, por la que se aceptan, al navegar por la p\u00e1gina de <span style=\"color: #96c11f;\"><b>ASPANIN<\/b><\/span>, todas las condiciones de uso que se establecen aqu\u00ed sin perjudicar la aplicaci\u00f3n de la correspondiente normativa de obligado cumplimiento legal seg\u00fan el caso.<\/p>\n<p>Por eso, si las consideraciones detalladas en este Aviso Legal no son de su conformidad, rogamos no haga uso del Portal, puesto que cualquier uso que haga del mismo o de los servicios y contenidos en \u00e9l incluidos implicar\u00e1 la aceptaci\u00f3n de los t\u00e9rminos legales recogidos en este texto.<\/p>\n<p>La p\u00e1gina web de <span style=\"color: #96c11f;\"><b>ASPANIN<\/b><\/span>, proporcionan gran diversidad de informaci\u00f3n, servicios y datos. <span style=\"color: #96c11f;\">el <b>Usuario<\/b><\/span>asume su responsabilidad en el uso correcto de los sitios web. Esta responsabilidad se extender\u00e1 a: La veracidad y licitud de las informaciones aportadas por <span style=\"color: #96c11f;\">el <b>Usuario<\/b><\/span> a los formularios emitidos por <span style=\"color: #96c11f;\"><b>ASPANIN<\/b><\/span>, para acceder a determinados contenidos o servicios ofrecidos por la web.<\/p>\n<p>A tal efecto, <span style=\"color: #96c11f;\">el <b>Usuario<\/b> <\/span>se abstendr\u00e1 de utilizar cualquiera de los contenidos con fines o efectos il\u00edcitos, prohibidos en este texto, lesivos de los derechos e intereses de terceros, o que de cualquier forma puedan da\u00f1ar, inutilizar, sobrecargar, deteriorar o impedir la normal utilizaci\u00f3n de los contenidos, otros <span style=\"color: #96c11f;\"><b>Usuarios<\/b> <\/span>o de cualquier <span style=\"color: #96c11f;\"><b>Usuario<\/b> <\/span>de Internet (hardware y software).<\/p>\n<p>Los <span style=\"color: #96c11f;\"><b>Usuarios<\/b><\/span> responder\u00e1n de los da\u00f1os y perjuicios de toda naturaleza que la empresa propietaria de la web pueda sufrir, directa o indirectamente, como consecuencia de incumplimiento de cualquier de las obligaciones derivadas del uso de la Web y de esta pol\u00edtica de privacidad.<\/p>\n<p>En particular, y a t\u00edtulo meramente indicativo y no exhaustivo, <span style=\"color: #96c11f;\">el <b>Usuario<\/b><\/span> se compromete a no transmitir, difundir o poner a disposici\u00f3n de terceros informaciones, datos, contenidos, mensajes, gr\u00e1ficos, dibujos, archivos de sonido y \/ o imagen, fotograf\u00edas del web<\/p>\n\t\t\t\t\t\t\t\t<\/div>\n\t\t\t\t\t<\/div>\n\t\t<\/div>\n\t\t\t\t\t<\/div>\n\t\t<\/section>\n\t\t\t\t<\/div>\n\t\t","protected":false},"excerpt":{"rendered":"<p>Aviso legal 1. Informaci\u00f3n corporativa En cumplimiento de la Ley 34\/2002, de 11 de julio, de servicios de la sociedad de la informaci\u00f3n y de comercio electr\u00f3nico, ASPANINlo informa que es titular de los sitios web:www.fundaciogestioisuport.cat, de acuerdo con la exigencia del art\u00edculo 10 de la mencionada Ley, ASPANIN, notifica los datos siguientes: el titular [&hellip;]<\/p>\n","protected":false},"author":1,"featured_media":0,"parent":0,"menu_order":0,"comment_status":"closed","ping_status":"closed","template":"","meta":{"site-sidebar-layout":"no-sidebar","site-content-layout":"page-builder","ast-site-content-layout":"default","site-content-style":"default","site-sidebar-style":"default","ast-global-header-display":"","ast-banner-title-visibility":"","ast-main-header-display":"","ast-hfb-above-header-display":"","ast-hfb-below-header-display":"","ast-hfb-mobile-header-display":"","site-post-title":"disabled","ast-breadcrumbs-content":"","ast-featured-img":"disabled","footer-sml-layout":"","ast-disable-related-posts":"","theme-transparent-header-meta":"default","adv-header-id-meta":"","stick-header-meta":"","header-above-stick-meta":"","header-main-stick-meta":"","header-below-stick-meta":"","astra-migrate-meta-layouts":"default","ast-page-background-enabled":"default","ast-page-background-meta":{"desktop":{"background-color":"var(--ast-global-color-4)","background-image":"","background-repeat":"repeat","background-position":"center center","background-size":"auto","background-attachment":"scroll","background-type":"","background-media":"","overlay-type":"","overlay-color":"","overlay-opacity":"","overlay-gradient":""},"tablet":{"background-color":"","background-image":"","background-repeat":"repeat","background-position":"center center","background-size":"auto","background-attachment":"scroll","background-type":"","background-media":"","overlay-type":"","overlay-color":"","overlay-opacity":"","overlay-gradient":""},"mobile":{"background-color":"","background-image":"","background-repeat":"repeat","background-position":"center center","background-size":"auto","background-attachment":"scroll","background-type":"","background-media":"","overlay-type":"","overlay-color":"","overlay-opacity":"","overlay-gradient":""}},"ast-content-background-meta":{"desktop":{"background-color":"var(--ast-global-color-5)","background-image":"","background-repeat":"repeat","background-position":"center center","background-size":"auto","background-attachment":"scroll","background-type":"","background-media":"","overlay-type":"","overlay-color":"","overlay-opacity":"","overlay-gradient":""},"tablet":{"background-color":"var(--ast-global-color-5)","background-image":"","background-repeat":"repeat","background-position":"center center","background-size":"auto","background-attachment":"scroll","background-type":"","background-media":"","overlay-type":"","overlay-color":"","overlay-opacity":"","overlay-gradient":""},"mobile":{"background-color":"var(--ast-global-color-5)","background-image":"","background-repeat":"repeat","background-position":"center center","background-size":"auto","background-attachment":"scroll","background-type":"","background-media":"","overlay-type":"","overlay-color":"","overlay-opacity":"","overlay-gradient":""}},"footnotes":""},"class_list":["post-12479","page","type-page","status-publish","hentry"],"yoast_head":"<!-- This site is optimized with the Yoast SEO plugin v27.4 - https:\/\/yoast.com\/product\/yoast-seo-wordpress\/ -->\n<title>Aviso legal - ASPANIN<\/title>\n<meta name=\"robots\" content=\"index, follow, max-snippet:-1, max-image-preview:large, max-video-preview:-1\" \/>\n<link rel=\"canonical\" href=\"https:\/\/aspanin.cat\/es\/aviso-legal\/\" \/>\n<meta property=\"og:locale\" content=\"es_ES\" \/>\n<meta property=\"og:type\" content=\"article\" \/>\n<meta property=\"og:title\" content=\"Aviso legal - ASPANIN\" \/>\n<meta property=\"og:description\" content=\"Aviso legal 1. Informaci\u00f3n corporativa En cumplimiento de la Ley 34\/2002, de 11 de julio, de servicios de la sociedad de la informaci\u00f3n y de comercio electr\u00f3nico, ASPANINlo informa que es titular de los sitios web:www.fundaciogestioisuport.cat, de acuerdo con la exigencia del art\u00edculo 10 de la mencionada Ley, ASPANIN, notifica los datos siguientes: el titular [&hellip;]\" \/>\n<meta property=\"og:url\" content=\"https:\/\/aspanin.cat\/es\/aviso-legal\/\" \/>\n<meta property=\"og:site_name\" content=\"ASPANIN\" \/>\n<meta property=\"article:modified_time\" content=\"2023-10-23T10:00:14+00:00\" \/>\n<meta name=\"twitter:card\" content=\"summary_large_image\" \/>\n<meta name=\"twitter:label1\" content=\"Tiempo de lectura\" \/>\n\t<meta name=\"twitter:data1\" content=\"2 minutos\" \/>\n<script type=\"application\/ld+json\" class=\"yoast-schema-graph\">{\"@context\":\"https:\\\/\\\/schema.org\",\"@graph\":[{\"@type\":\"WebPage\",\"@id\":\"https:\\\/\\\/aspanin.cat\\\/es\\\/aviso-legal\\\/\",\"url\":\"https:\\\/\\\/aspanin.cat\\\/es\\\/aviso-legal\\\/\",\"name\":\"Aviso legal - ASPANIN\",\"isPartOf\":{\"@id\":\"https:\\\/\\\/aspanin.cat\\\/es\\\/#website\"},\"datePublished\":\"2023-02-17T11:48:32+00:00\",\"dateModified\":\"2023-10-23T10:00:14+00:00\",\"inLanguage\":\"es\",\"potentialAction\":[{\"@type\":\"ReadAction\",\"target\":[\"https:\\\/\\\/aspanin.cat\\\/es\\\/aviso-legal\\\/\"]}]},{\"@type\":\"WebSite\",\"@id\":\"https:\\\/\\\/aspanin.cat\\\/es\\\/#website\",\"url\":\"https:\\\/\\\/aspanin.cat\\\/es\\\/\",\"name\":\"ASPANIN\",\"description\":\"Pro persones amb discapacitat intel\u00b7lectual i les seves fam\u00edlies\",\"publisher\":{\"@id\":\"https:\\\/\\\/aspanin.cat\\\/es\\\/#organization\"},\"potentialAction\":[{\"@type\":\"SearchAction\",\"target\":{\"@type\":\"EntryPoint\",\"urlTemplate\":\"https:\\\/\\\/aspanin.cat\\\/es\\\/?s={search_term_string}\"},\"query-input\":{\"@type\":\"PropertyValueSpecification\",\"valueRequired\":true,\"valueName\":\"search_term_string\"}}],\"inLanguage\":\"es\"},{\"@type\":\"Organization\",\"@id\":\"https:\\\/\\\/aspanin.cat\\\/es\\\/#organization\",\"name\":\"ASPANIN\",\"url\":\"https:\\\/\\\/aspanin.cat\\\/es\\\/\",\"logo\":{\"@type\":\"ImageObject\",\"inLanguage\":\"es\",\"@id\":\"https:\\\/\\\/aspanin.cat\\\/es\\\/#\\\/schema\\\/logo\\\/image\\\/\",\"url\":\"https:\\\/\\\/aspanin.cat\\\/wp-content\\\/uploads\\\/2020\\\/07\\\/logo.gif\",\"contentUrl\":\"https:\\\/\\\/aspanin.cat\\\/wp-content\\\/uploads\\\/2020\\\/07\\\/logo.gif\",\"width\":587,\"height\":190,\"caption\":\"ASPANIN\"},\"image\":{\"@id\":\"https:\\\/\\\/aspanin.cat\\\/es\\\/#\\\/schema\\\/logo\\\/image\\\/\"}}]}<\/script>\n<!-- \/ Yoast SEO plugin. -->","yoast_head_json":{"title":"Aviso legal - ASPANIN","robots":{"index":"index","follow":"follow","max-snippet":"max-snippet:-1","max-image-preview":"max-image-preview:large","max-video-preview":"max-video-preview:-1"},"canonical":"https:\/\/aspanin.cat\/es\/aviso-legal\/","og_locale":"es_ES","og_type":"article","og_title":"Aviso legal - ASPANIN","og_description":"Aviso legal 1. Informaci\u00f3n corporativa En cumplimiento de la Ley 34\/2002, de 11 de julio, de servicios de la sociedad de la informaci\u00f3n y de comercio electr\u00f3nico, ASPANINlo informa que es titular de los sitios web:www.fundaciogestioisuport.cat, de acuerdo con la exigencia del art\u00edculo 10 de la mencionada Ley, ASPANIN, notifica los datos siguientes: el titular [&hellip;]","og_url":"https:\/\/aspanin.cat\/es\/aviso-legal\/","og_site_name":"ASPANIN","article_modified_time":"2023-10-23T10:00:14+00:00","twitter_card":"summary_large_image","twitter_misc":{"Tiempo de lectura":"2 minutos"},"schema":{"@context":"https:\/\/schema.org","@graph":[{"@type":"WebPage","@id":"https:\/\/aspanin.cat\/es\/aviso-legal\/","url":"https:\/\/aspanin.cat\/es\/aviso-legal\/","name":"Aviso legal - ASPANIN","isPartOf":{"@id":"https:\/\/aspanin.cat\/es\/#website"},"datePublished":"2023-02-17T11:48:32+00:00","dateModified":"2023-10-23T10:00:14+00:00","inLanguage":"es","potentialAction":[{"@type":"ReadAction","target":["https:\/\/aspanin.cat\/es\/aviso-legal\/"]}]},{"@type":"WebSite","@id":"https:\/\/aspanin.cat\/es\/#website","url":"https:\/\/aspanin.cat\/es\/","name":"ASPANIN","description":"Pro persones amb discapacitat intel\u00b7lectual i les seves fam\u00edlies","publisher":{"@id":"https:\/\/aspanin.cat\/es\/#organization"},"potentialAction":[{"@type":"SearchAction","target":{"@type":"EntryPoint","urlTemplate":"https:\/\/aspanin.cat\/es\/?s={search_term_string}"},"query-input":{"@type":"PropertyValueSpecification","valueRequired":true,"valueName":"search_term_string"}}],"inLanguage":"es"},{"@type":"Organization","@id":"https:\/\/aspanin.cat\/es\/#organization","name":"ASPANIN","url":"https:\/\/aspanin.cat\/es\/","logo":{"@type":"ImageObject","inLanguage":"es","@id":"https:\/\/aspanin.cat\/es\/#\/schema\/logo\/image\/","url":"https:\/\/aspanin.cat\/wp-content\/uploads\/2020\/07\/logo.gif","contentUrl":"https:\/\/aspanin.cat\/wp-content\/uploads\/2020\/07\/logo.gif","width":587,"height":190,"caption":"ASPANIN"},"image":{"@id":"https:\/\/aspanin.cat\/es\/#\/schema\/logo\/image\/"}}]}},"_links":{"self":[{"href":"https:\/\/aspanin.cat\/es\/wp-json\/wp\/v2\/pages\/12479","targetHints":{"allow":["GET"]}}],"collection":[{"href":"https:\/\/aspanin.cat\/es\/wp-json\/wp\/v2\/pages"}],"about":[{"href":"https:\/\/aspanin.cat\/es\/wp-json\/wp\/v2\/types\/page"}],"author":[{"embeddable":true,"href":"https:\/\/aspanin.cat\/es\/wp-json\/wp\/v2\/users\/1"}],"replies":[{"embeddable":true,"href":"https:\/\/aspanin.cat\/es\/wp-json\/wp\/v2\/comments?post=12479"}],"version-history":[{"count":2,"href":"https:\/\/aspanin.cat\/es\/wp-json\/wp\/v2\/pages\/12479\/revisions"}],"predecessor-version":[{"id":13037,"href":"https:\/\/aspanin.cat\/es\/wp-json\/wp\/v2\/pages\/12479\/revisions\/13037"}],"wp:attachment":[{"href":"https:\/\/aspanin.cat\/es\/wp-json\/wp\/v2\/media?parent=12479"}],"curies":[{"name":"wp","href":"https:\/\/api.w.org\/{rel}","templated":true}]}}