{"id":12454,"date":"2023-02-17T09:09:53","date_gmt":"2023-02-17T09:09:53","guid":{"rendered":"https:\/\/aspanin.cat\/hazte-voluntario\/"},"modified":"2023-10-23T10:14:12","modified_gmt":"2023-10-23T10:14:12","slug":"hazte-voluntario","status":"publish","type":"page","link":"https:\/\/aspanin.cat\/es\/hazte-voluntario\/","title":{"rendered":"Hazte voluntario."},"content":{"rendered":"\t\t<div data-elementor-type=\"wp-page\" data-elementor-id=\"12454\" class=\"elementor elementor-12454 elementor-681\" data-elementor-post-type=\"page\">\n\t\t\t\t\t\t<section class=\"elementor-section elementor-top-section elementor-element elementor-element-2ffa0f8b elementor-section-boxed elementor-section-height-default elementor-section-height-default\" data-id=\"2ffa0f8b\" data-element_type=\"section\" data-e-type=\"section\">\n\t\t\t\t\t\t<div class=\"elementor-container elementor-column-gap-default\">\n\t\t\t\t\t<div class=\"elementor-column elementor-col-100 elementor-top-column elementor-element elementor-element-300278b0\" data-id=\"300278b0\" data-element_type=\"column\" data-e-type=\"column\">\n\t\t\t<div class=\"elementor-widget-wrap elementor-element-populated\">\n\t\t\t\t\t\t<div class=\"elementor-element elementor-element-6dc570e9 elementor-widget elementor-widget-heading\" data-id=\"6dc570e9\" data-element_type=\"widget\" data-e-type=\"widget\" data-widget_type=\"heading.default\">\n\t\t\t\t\t<h1 class=\"elementor-heading-title elementor-size-default\">Hazte voluntario.<\/h1>\t\t\t\t<\/div>\n\t\t\t\t<div class=\"elementor-element elementor-element-7050829c elementor-widget-divider--view-line elementor-widget elementor-widget-divider\" data-id=\"7050829c\" data-element_type=\"widget\" data-e-type=\"widget\" data-widget_type=\"divider.default\">\n\t\t\t\t\t\t\t<div class=\"elementor-divider\">\n\t\t\t<span class=\"elementor-divider-separator\">\n\t\t\t\t\t\t<\/span>\n\t\t<\/div>\n\t\t\t\t\t\t<\/div>\n\t\t\t\t\t<\/div>\n\t\t<\/div>\n\t\t\t\t\t<\/div>\n\t\t<\/section>\n\t\t\t\t<section class=\"elementor-section elementor-top-section elementor-element elementor-element-9568968 elementor-section-boxed elementor-section-height-default elementor-section-height-default\" data-id=\"9568968\" data-element_type=\"section\" data-e-type=\"section\">\n\t\t\t\t\t\t<div class=\"elementor-container elementor-column-gap-default\">\n\t\t\t\t\t<div class=\"elementor-column elementor-col-100 elementor-top-column elementor-element elementor-element-5ba8782\" data-id=\"5ba8782\" data-element_type=\"column\" data-e-type=\"column\">\n\t\t\t<div class=\"elementor-widget-wrap elementor-element-populated\">\n\t\t\t\t\t\t<div class=\"elementor-element elementor-element-bc85cce elementor-widget elementor-widget-heading\" data-id=\"bc85cce\" data-element_type=\"widget\" data-e-type=\"widget\" data-widget_type=\"heading.default\">\n\t\t\t\t\t<h2 class=\"elementor-heading-title elementor-size-default\">Para hacerte voluntario de Aspanin llena este formulario y nos pondremos en contacto contigo para encontrar tu espacio dentro del nuestro.<\/h2>\t\t\t\t<\/div>\n\t\t\t\t<div class=\"elementor-element elementor-element-943fc51 elementor-widget elementor-widget-text-editor\" data-id=\"943fc51\" data-element_type=\"widget\" data-e-type=\"widget\" data-widget_type=\"text-editor.default\">\n\t\t\t\t\t\t\t\t\t<p><span style=\"font-style: inherit; font-weight: inherit; background-color: rgba(255, 255, 255, 0); color: var(--ast-global-color-8);\">Haremos una entrevista para conocernos mejor, ver en qu\u00e9 \u00e1rea te gustar\u00eda ayudar y definir aquellas tareas en las que puedes aportar m\u00e1s.<\/span><\/p>\n\t\t\t\t\t\t\t\t<\/div>\n\t\t\t\t<div class=\"elementor-element elementor-element-67dc989 form-custom elementor-widget elementor-widget-shortcode\" data-id=\"67dc989\" data-element_type=\"widget\" data-e-type=\"widget\" data-widget_type=\"shortcode.default\">\n\t\t\t\t\t\t\t<div class=\"elementor-shortcode\">\n<div class=\"wpcf7 no-js\" id=\"wpcf7-f11850-o1\" lang=\"es-ES\" dir=\"ltr\" data-wpcf7-id=\"11850\">\n<div class=\"screen-reader-response\"><p role=\"status\" aria-live=\"polite\" aria-atomic=\"true\"><\/p> <ul><\/ul><\/div>\n<form action=\"\/es\/wp-json\/wp\/v2\/pages\/12454#wpcf7-f11850-o1\" method=\"post\" class=\"wpcf7-form init\" aria-label=\"Formulario de contacto\" novalidate=\"novalidate\" data-status=\"init\">\n<fieldset class=\"hidden-fields-container\"><input type=\"hidden\" name=\"_wpcf7\" value=\"11850\" \/><input type=\"hidden\" name=\"_wpcf7_version\" value=\"6.1.5\" \/><input type=\"hidden\" name=\"_wpcf7_locale\" value=\"es_ES\" \/><input type=\"hidden\" name=\"_wpcf7_unit_tag\" value=\"wpcf7-f11850-o1\" \/><input type=\"hidden\" name=\"_wpcf7_container_post\" value=\"0\" \/><input type=\"hidden\" name=\"_wpcf7_posted_data_hash\" value=\"\" \/><input type=\"hidden\" name=\"_wpcf7_recaptcha_response\" value=\"\" \/>\n<\/fieldset>\n<div class=\"contact-form\">\n\t<p><label> Nombre y apellidos <span class=\"required\">*<\/span><br \/>\n<span class=\"wpcf7-form-control-wrap\" data-name=\"your-name\"><input size=\"40\" maxlength=\"400\" class=\"wpcf7-form-control wpcf7-text wpcf7-validates-as-required text_input\" aria-required=\"true\" aria-invalid=\"false\" value=\"\" type=\"text\" name=\"your-name\" \/><\/span><br \/>\n<\/label>\n\t<\/p>\n\t<p><label> Edad <span class=\"required\">*<\/span><br \/>\n<span class=\"wpcf7-form-control-wrap\" data-name=\"your-age\"><input size=\"40\" maxlength=\"400\" class=\"wpcf7-form-control wpcf7-text wpcf7-validates-as-required text_input\" aria-required=\"true\" aria-invalid=\"false\" value=\"\" type=\"text\" name=\"your-age\" \/><\/span><br \/>\n<\/label>\n\t<\/p>\n\t<p><label> Tel\u00e9fono de contacto <span class=\"required\">*<\/span><br \/>\n<span class=\"wpcf7-form-control-wrap\" data-name=\"your-telephone-number\"><input size=\"40\" maxlength=\"400\" class=\"wpcf7-form-control wpcf7-text wpcf7-validates-as-required text_input\" aria-required=\"true\" aria-invalid=\"false\" value=\"\" type=\"text\" name=\"your-telephone-number\" \/><\/span><br \/>\n<\/label>\n\t<\/p>\n\t<p><label> E-mail <span class=\"required\">*<\/span><br \/>\n<span class=\"wpcf7-form-control-wrap\" data-name=\"your-email\"><input size=\"40\" maxlength=\"400\" class=\"wpcf7-form-control wpcf7-email wpcf7-validates-as-required wpcf7-text wpcf7-validates-as-email text_input\" aria-required=\"true\" aria-invalid=\"false\" value=\"\" type=\"email\" name=\"your-email\" \/><\/span><br \/>\n<\/label>\n\t<\/p>\n\t<p>Disponibilidad: <span class=\"required\">*<\/span>\n\t<\/p>\n\t<p><span class=\"wpcf7-form-control-wrap\" data-name=\"disponibilitat\"><span class=\"wpcf7-form-control wpcf7-checkbox wpcf7-validates-as-required\"><span class=\"wpcf7-list-item first\"><label><input type=\"checkbox\" name=\"disponibilitat[]\" value=\"lunes\" \/><span class=\"wpcf7-list-item-label\">lunes<\/span><\/label><\/span><span class=\"wpcf7-list-item\"><label><input type=\"checkbox\" name=\"disponibilitat[]\" value=\"martes\" \/><span class=\"wpcf7-list-item-label\">martes<\/span><\/label><\/span><span class=\"wpcf7-list-item\"><label><input type=\"checkbox\" name=\"disponibilitat[]\" value=\"mi\u00e9rcoles\" \/><span class=\"wpcf7-list-item-label\">mi\u00e9rcoles<\/span><\/label><\/span><span class=\"wpcf7-list-item\"><label><input type=\"checkbox\" name=\"disponibilitat[]\" value=\"jueves\" \/><span class=\"wpcf7-list-item-label\">jueves<\/span><\/label><\/span><span class=\"wpcf7-list-item\"><label><input type=\"checkbox\" name=\"disponibilitat[]\" value=\"viernes\" \/><span class=\"wpcf7-list-item-label\">viernes<\/span><\/label><\/span><span class=\"wpcf7-list-item\"><label><input type=\"checkbox\" name=\"disponibilitat[]\" value=\"s\u00e1bado\" \/><span class=\"wpcf7-list-item-label\">s\u00e1bado<\/span><\/label><\/span><span class=\"wpcf7-list-item last\"><label><input type=\"checkbox\" name=\"disponibilitat[]\" value=\"domingo\" \/><span class=\"wpcf7-list-item-label\">domingo<\/span><\/label><\/span><\/span><\/span>\n\t<\/p>\n\t<p>Horario: <span class=\"required\">*<\/span>\n\t<\/p>\n\t<p><span class=\"wpcf7-form-control-wrap\" data-name=\"horari\"><span class=\"wpcf7-form-control wpcf7-checkbox wpcf7-validates-as-required\"><span class=\"wpcf7-list-item first\"><label><input type=\"checkbox\" name=\"horari[]\" value=\"ma\u00f1anas\" \/><span class=\"wpcf7-list-item-label\">ma\u00f1anas<\/span><\/label><\/span><span class=\"wpcf7-list-item last\"><label><input type=\"checkbox\" name=\"horari[]\" value=\"tardes\" \/><span class=\"wpcf7-list-item-label\">tardes<\/span><\/label><\/span><\/span><\/span>\n\t<\/p>\n\t<p><span class=\"wpcf7-form-control-wrap\" data-name=\"your-privacy\"><span class=\"wpcf7-form-control wpcf7-acceptance\"><span class=\"wpcf7-list-item\"><label><input type=\"checkbox\" name=\"your-privacy\" value=\"1\" class=\"input_checkbox_label\" aria-invalid=\"false\" \/><span class=\"wpcf7-list-item-label\">He le\u00eddo y acepto los <a href=\"\/terminos-y-condiciones-de-uso-web\/\">t\u00e9rminos y condiciones de uso web<\/a>.<\/span><\/label><\/span><\/span><\/span>\n\t<\/p>\n\t<p><input class=\"wpcf7-form-control wpcf7-submit has-spinner\" type=\"submit\" value=\"Enviar\" \/>\n\t<\/p>\n<\/div><div class=\"wpcf7-response-output\" aria-hidden=\"true\"><\/div>\n<\/form>\n<\/div>\n<\/div>\n\t\t\t\t\t\t<\/div>\n\t\t\t\t\t<\/div>\n\t\t<\/div>\n\t\t\t\t\t<\/div>\n\t\t<\/section>\n\t\t\t\t<section class=\"elementor-section elementor-top-section elementor-element elementor-element-618bf75 elementor-section-boxed elementor-section-height-default elementor-section-height-default\" data-id=\"618bf75\" data-element_type=\"section\" data-e-type=\"section\">\n\t\t\t\t\t\t<div class=\"elementor-container elementor-column-gap-default\">\n\t\t\t\t\t<div class=\"elementor-column elementor-col-100 elementor-top-column elementor-element elementor-element-18f1549\" data-id=\"18f1549\" data-element_type=\"column\" data-e-type=\"column\">\n\t\t\t<div class=\"elementor-widget-wrap\">\n\t\t\t\t\t\t\t<\/div>\n\t\t<\/div>\n\t\t\t\t\t<\/div>\n\t\t<\/section>\n\t\t\t\t<\/div>\n\t\t","protected":false},"excerpt":{"rendered":"<p>Hazte voluntario. Para hacerte voluntario de Aspanin llena este formulario y nos pondremos en contacto contigo para encontrar tu espacio dentro del nuestro. Haremos una entrevista para conocernos mejor, ver en qu\u00e9 \u00e1rea te gustar\u00eda ayudar y definir aquellas tareas en las que puedes aportar m\u00e1s.<\/p>\n","protected":false},"author":1,"featured_media":0,"parent":0,"menu_order":0,"comment_status":"closed","ping_status":"closed","template":"","meta":{"site-sidebar-layout":"no-sidebar","site-content-layout":"page-builder","ast-site-content-layout":"default","site-content-style":"default","site-sidebar-style":"default","ast-global-header-display":"","ast-banner-title-visibility":"","ast-main-header-display":"","ast-hfb-above-header-display":"","ast-hfb-below-header-display":"","ast-hfb-mobile-header-display":"","site-post-title":"disabled","ast-breadcrumbs-content":"","ast-featured-img":"disabled","footer-sml-layout":"","ast-disable-related-posts":"","theme-transparent-header-meta":"default","adv-header-id-meta":"","stick-header-meta":"","header-above-stick-meta":"","header-main-stick-meta":"","header-below-stick-meta":"","astra-migrate-meta-layouts":"default","ast-page-background-enabled":"default","ast-page-background-meta":{"desktop":{"background-color":"var(--ast-global-color-4)","background-image":"","background-repeat":"repeat","background-position":"center center","background-size":"auto","background-attachment":"scroll","background-type":"","background-media":"","overlay-type":"","overlay-color":"","overlay-opacity":"","overlay-gradient":""},"tablet":{"background-color":"","background-image":"","background-repeat":"repeat","background-position":"center center","background-size":"auto","background-attachment":"scroll","background-type":"","background-media":"","overlay-type":"","overlay-color":"","overlay-opacity":"","overlay-gradient":""},"mobile":{"background-color":"","background-image":"","background-repeat":"repeat","background-position":"center center","background-size":"auto","background-attachment":"scroll","background-type":"","background-media":"","overlay-type":"","overlay-color":"","overlay-opacity":"","overlay-gradient":""}},"ast-content-background-meta":{"desktop":{"background-color":"var(--ast-global-color-5)","background-image":"","background-repeat":"repeat","background-position":"center center","background-size":"auto","background-attachment":"scroll","background-type":"","background-media":"","overlay-type":"","overlay-color":"","overlay-opacity":"","overlay-gradient":""},"tablet":{"background-color":"var(--ast-global-color-5)","background-image":"","background-repeat":"repeat","background-position":"center center","background-size":"auto","background-attachment":"scroll","background-type":"","background-media":"","overlay-type":"","overlay-color":"","overlay-opacity":"","overlay-gradient":""},"mobile":{"background-color":"var(--ast-global-color-5)","background-image":"","background-repeat":"repeat","background-position":"center center","background-size":"auto","background-attachment":"scroll","background-type":"","background-media":"","overlay-type":"","overlay-color":"","overlay-opacity":"","overlay-gradient":""}},"footnotes":""},"class_list":["post-12454","page","type-page","status-publish","hentry"],"yoast_head":"<!-- This site is optimized with the Yoast SEO plugin v27.4 - https:\/\/yoast.com\/product\/yoast-seo-wordpress\/ -->\n<title>Hazte voluntario. - ASPANIN<\/title>\n<meta name=\"robots\" content=\"index, follow, max-snippet:-1, max-image-preview:large, max-video-preview:-1\" \/>\n<link rel=\"canonical\" href=\"https:\/\/aspanin.cat\/es\/hazte-voluntario\/\" \/>\n<meta property=\"og:locale\" content=\"es_ES\" \/>\n<meta property=\"og:type\" content=\"article\" \/>\n<meta property=\"og:title\" content=\"Hazte voluntario. - ASPANIN\" \/>\n<meta property=\"og:description\" content=\"Hazte voluntario. Para hacerte voluntario de Aspanin llena este formulario y nos pondremos en contacto contigo para encontrar tu espacio dentro del nuestro. Haremos una entrevista para conocernos mejor, ver en qu\u00e9 \u00e1rea te gustar\u00eda ayudar y definir aquellas tareas en las que puedes aportar m\u00e1s.\" \/>\n<meta property=\"og:url\" content=\"https:\/\/aspanin.cat\/es\/hazte-voluntario\/\" \/>\n<meta property=\"og:site_name\" content=\"ASPANIN\" \/>\n<meta property=\"article:modified_time\" content=\"2023-10-23T10:14:12+00:00\" \/>\n<meta name=\"twitter:card\" content=\"summary_large_image\" \/>\n<meta name=\"twitter:label1\" content=\"Tiempo de lectura\" \/>\n\t<meta name=\"twitter:data1\" content=\"1 minuto\" \/>\n<script type=\"application\/ld+json\" class=\"yoast-schema-graph\">{\"@context\":\"https:\\\/\\\/schema.org\",\"@graph\":[{\"@type\":\"WebPage\",\"@id\":\"https:\\\/\\\/aspanin.cat\\\/es\\\/hazte-voluntario\\\/\",\"url\":\"https:\\\/\\\/aspanin.cat\\\/es\\\/hazte-voluntario\\\/\",\"name\":\"Hazte voluntario. - ASPANIN\",\"isPartOf\":{\"@id\":\"https:\\\/\\\/aspanin.cat\\\/es\\\/#website\"},\"datePublished\":\"2023-02-17T09:09:53+00:00\",\"dateModified\":\"2023-10-23T10:14:12+00:00\",\"inLanguage\":\"es\",\"potentialAction\":[{\"@type\":\"ReadAction\",\"target\":[\"https:\\\/\\\/aspanin.cat\\\/es\\\/hazte-voluntario\\\/\"]}]},{\"@type\":\"WebSite\",\"@id\":\"https:\\\/\\\/aspanin.cat\\\/es\\\/#website\",\"url\":\"https:\\\/\\\/aspanin.cat\\\/es\\\/\",\"name\":\"ASPANIN\",\"description\":\"Pro persones amb discapacitat intel\u00b7lectual i les seves fam\u00edlies\",\"publisher\":{\"@id\":\"https:\\\/\\\/aspanin.cat\\\/es\\\/#organization\"},\"potentialAction\":[{\"@type\":\"SearchAction\",\"target\":{\"@type\":\"EntryPoint\",\"urlTemplate\":\"https:\\\/\\\/aspanin.cat\\\/es\\\/?s={search_term_string}\"},\"query-input\":{\"@type\":\"PropertyValueSpecification\",\"valueRequired\":true,\"valueName\":\"search_term_string\"}}],\"inLanguage\":\"es\"},{\"@type\":\"Organization\",\"@id\":\"https:\\\/\\\/aspanin.cat\\\/es\\\/#organization\",\"name\":\"ASPANIN\",\"url\":\"https:\\\/\\\/aspanin.cat\\\/es\\\/\",\"logo\":{\"@type\":\"ImageObject\",\"inLanguage\":\"es\",\"@id\":\"https:\\\/\\\/aspanin.cat\\\/es\\\/#\\\/schema\\\/logo\\\/image\\\/\",\"url\":\"https:\\\/\\\/aspanin.cat\\\/wp-content\\\/uploads\\\/2020\\\/07\\\/logo.gif\",\"contentUrl\":\"https:\\\/\\\/aspanin.cat\\\/wp-content\\\/uploads\\\/2020\\\/07\\\/logo.gif\",\"width\":587,\"height\":190,\"caption\":\"ASPANIN\"},\"image\":{\"@id\":\"https:\\\/\\\/aspanin.cat\\\/es\\\/#\\\/schema\\\/logo\\\/image\\\/\"}}]}<\/script>\n<!-- \/ Yoast SEO plugin. -->","yoast_head_json":{"title":"Hazte voluntario. - ASPANIN","robots":{"index":"index","follow":"follow","max-snippet":"max-snippet:-1","max-image-preview":"max-image-preview:large","max-video-preview":"max-video-preview:-1"},"canonical":"https:\/\/aspanin.cat\/es\/hazte-voluntario\/","og_locale":"es_ES","og_type":"article","og_title":"Hazte voluntario. - ASPANIN","og_description":"Hazte voluntario. Para hacerte voluntario de Aspanin llena este formulario y nos pondremos en contacto contigo para encontrar tu espacio dentro del nuestro. Haremos una entrevista para conocernos mejor, ver en qu\u00e9 \u00e1rea te gustar\u00eda ayudar y definir aquellas tareas en las que puedes aportar m\u00e1s.","og_url":"https:\/\/aspanin.cat\/es\/hazte-voluntario\/","og_site_name":"ASPANIN","article_modified_time":"2023-10-23T10:14:12+00:00","twitter_card":"summary_large_image","twitter_misc":{"Tiempo de lectura":"1 minuto"},"schema":{"@context":"https:\/\/schema.org","@graph":[{"@type":"WebPage","@id":"https:\/\/aspanin.cat\/es\/hazte-voluntario\/","url":"https:\/\/aspanin.cat\/es\/hazte-voluntario\/","name":"Hazte voluntario. - ASPANIN","isPartOf":{"@id":"https:\/\/aspanin.cat\/es\/#website"},"datePublished":"2023-02-17T09:09:53+00:00","dateModified":"2023-10-23T10:14:12+00:00","inLanguage":"es","potentialAction":[{"@type":"ReadAction","target":["https:\/\/aspanin.cat\/es\/hazte-voluntario\/"]}]},{"@type":"WebSite","@id":"https:\/\/aspanin.cat\/es\/#website","url":"https:\/\/aspanin.cat\/es\/","name":"ASPANIN","description":"Pro persones amb discapacitat intel\u00b7lectual i les seves fam\u00edlies","publisher":{"@id":"https:\/\/aspanin.cat\/es\/#organization"},"potentialAction":[{"@type":"SearchAction","target":{"@type":"EntryPoint","urlTemplate":"https:\/\/aspanin.cat\/es\/?s={search_term_string}"},"query-input":{"@type":"PropertyValueSpecification","valueRequired":true,"valueName":"search_term_string"}}],"inLanguage":"es"},{"@type":"Organization","@id":"https:\/\/aspanin.cat\/es\/#organization","name":"ASPANIN","url":"https:\/\/aspanin.cat\/es\/","logo":{"@type":"ImageObject","inLanguage":"es","@id":"https:\/\/aspanin.cat\/es\/#\/schema\/logo\/image\/","url":"https:\/\/aspanin.cat\/wp-content\/uploads\/2020\/07\/logo.gif","contentUrl":"https:\/\/aspanin.cat\/wp-content\/uploads\/2020\/07\/logo.gif","width":587,"height":190,"caption":"ASPANIN"},"image":{"@id":"https:\/\/aspanin.cat\/es\/#\/schema\/logo\/image\/"}}]}},"_links":{"self":[{"href":"https:\/\/aspanin.cat\/es\/wp-json\/wp\/v2\/pages\/12454","targetHints":{"allow":["GET"]}}],"collection":[{"href":"https:\/\/aspanin.cat\/es\/wp-json\/wp\/v2\/pages"}],"about":[{"href":"https:\/\/aspanin.cat\/es\/wp-json\/wp\/v2\/types\/page"}],"author":[{"embeddable":true,"href":"https:\/\/aspanin.cat\/es\/wp-json\/wp\/v2\/users\/1"}],"replies":[{"embeddable":true,"href":"https:\/\/aspanin.cat\/es\/wp-json\/wp\/v2\/comments?post=12454"}],"version-history":[{"count":4,"href":"https:\/\/aspanin.cat\/es\/wp-json\/wp\/v2\/pages\/12454\/revisions"}],"predecessor-version":[{"id":13062,"href":"https:\/\/aspanin.cat\/es\/wp-json\/wp\/v2\/pages\/12454\/revisions\/13062"}],"wp:attachment":[{"href":"https:\/\/aspanin.cat\/es\/wp-json\/wp\/v2\/media?parent=12454"}],"curies":[{"name":"wp","href":"https:\/\/api.w.org\/{rel}","templated":true}]}}