{"id":12453,"date":"2023-02-17T09:10:16","date_gmt":"2023-02-17T09:10:16","guid":{"rendered":"https:\/\/aspanin.cat\/dona\/"},"modified":"2023-10-23T10:07:57","modified_gmt":"2023-10-23T10:07:57","slug":"dona","status":"publish","type":"page","link":"https:\/\/aspanin.cat\/es\/dona\/","title":{"rendered":"Dona"},"content":{"rendered":"\t\t<div data-elementor-type=\"wp-page\" data-elementor-id=\"12453\" class=\"elementor elementor-12453 elementor-684\" data-elementor-post-type=\"page\">\n\t\t\t\t\t\t<section class=\"elementor-section elementor-top-section elementor-element elementor-element-337d4942 elementor-section-boxed elementor-section-height-default elementor-section-height-default\" data-id=\"337d4942\" data-element_type=\"section\" data-e-type=\"section\">\n\t\t\t\t\t\t<div class=\"elementor-container elementor-column-gap-default\">\n\t\t\t\t\t<div class=\"elementor-column elementor-col-100 elementor-top-column elementor-element elementor-element-5dc59250\" data-id=\"5dc59250\" data-element_type=\"column\" data-e-type=\"column\">\n\t\t\t<div class=\"elementor-widget-wrap elementor-element-populated\">\n\t\t\t\t\t\t<div class=\"elementor-element elementor-element-75c4c60c elementor-widget elementor-widget-heading\" data-id=\"75c4c60c\" data-element_type=\"widget\" data-e-type=\"widget\" data-widget_type=\"heading.default\">\n\t\t\t\t\t<h1 class=\"elementor-heading-title elementor-size-default\">Colabora con Aspanin<\/h1>\t\t\t\t<\/div>\n\t\t\t\t<div class=\"elementor-element elementor-element-6340554d elementor-widget-divider--view-line elementor-widget elementor-widget-divider\" data-id=\"6340554d\" data-element_type=\"widget\" data-e-type=\"widget\" data-widget_type=\"divider.default\">\n\t\t\t\t\t\t\t<div class=\"elementor-divider\">\n\t\t\t<span class=\"elementor-divider-separator\">\n\t\t\t\t\t\t<\/span>\n\t\t<\/div>\n\t\t\t\t\t\t<\/div>\n\t\t\t\t<section class=\"elementor-section elementor-inner-section elementor-element elementor-element-db183e5 elementor-section-boxed elementor-section-height-default elementor-section-height-default\" data-id=\"db183e5\" data-element_type=\"section\" data-e-type=\"section\">\n\t\t\t\t\t\t<div class=\"elementor-container elementor-column-gap-wide\">\n\t\t\t\t\t<div class=\"elementor-column elementor-col-33 elementor-inner-column elementor-element elementor-element-d571b5b\" data-id=\"d571b5b\" data-element_type=\"column\" data-e-type=\"column\">\n\t\t\t<div class=\"elementor-widget-wrap elementor-element-populated\">\n\t\t\t\t\t\t<div class=\"elementor-element elementor-element-ff98258 elementor-widget elementor-widget-heading\" data-id=\"ff98258\" data-element_type=\"widget\" data-e-type=\"widget\" data-widget_type=\"heading.default\">\n\t\t\t\t\t<h2 class=\"elementor-heading-title elementor-size-default\">Dedica tu tiempo<\/h2>\t\t\t\t<\/div>\n\t\t\t\t<div class=\"elementor-element elementor-element-8bc0ffa elementor-widget elementor-widget-text-editor\" data-id=\"8bc0ffa\" data-element_type=\"widget\" data-e-type=\"widget\" data-widget_type=\"text-editor.default\">\n\t\t\t\t\t\t\t\t\t<p>\u00bfQu\u00e9 necesita una persona con discapacidad intelectual? Lo mismo que t\u00fa<br \/>Aceptaci\u00f3n, trato humano, poder decidir, respetar su ritmo y tener apoyo en determinados momentos.<br \/>Un poco de tu tiempo puede ser mucho para ellos.<\/p>\n\t\t\t\t\t\t\t\t<\/div>\n\t\t\t\t<div class=\"elementor-element elementor-element-fea146b elementor-hidden-tablet elementor-hidden-mobile elementor-widget elementor-widget-spacer\" data-id=\"fea146b\" data-element_type=\"widget\" data-e-type=\"widget\" data-widget_type=\"spacer.default\">\n\t\t\t\t\t\t\t<div class=\"elementor-spacer\">\n\t\t\t<div class=\"elementor-spacer-inner\"><\/div>\n\t\t<\/div>\n\t\t\t\t\t\t<\/div>\n\t\t\t\t<div class=\"elementor-element elementor-element-3ea12e5 elementor-align-center fes-te elementor-mobile-align-center elementor-widget elementor-widget-button\" data-id=\"3ea12e5\" data-element_type=\"widget\" data-e-type=\"widget\" data-widget_type=\"button.default\">\n\t\t\t\t\t\t\t\t\t\t<a class=\"elementor-button elementor-button-link elementor-size-md\" href=\"https:\/\/aspanin.cat\/es\/hazte-voluntario\/\" id=\"voluntari\">\n\t\t\t\t\t\t<span class=\"elementor-button-content-wrapper\">\n\t\t\t\t\t\t\t\t\t<span class=\"elementor-button-text\">Dona tiempo<\/span>\n\t\t\t\t\t<\/span>\n\t\t\t\t\t<\/a>\n\t\t\t\t\t\t\t\t<\/div>\n\t\t\t\t\t<\/div>\n\t\t<\/div>\n\t\t\t\t<div class=\"elementor-column elementor-col-33 elementor-inner-column elementor-element elementor-element-6cb5446\" data-id=\"6cb5446\" data-element_type=\"column\" data-e-type=\"column\">\n\t\t\t<div class=\"elementor-widget-wrap elementor-element-populated\">\n\t\t\t\t\t\t<div class=\"elementor-element elementor-element-664b9b9 elementor-widget elementor-widget-heading\" data-id=\"664b9b9\" data-element_type=\"widget\" data-e-type=\"widget\" data-widget_type=\"heading.default\">\n\t\t\t\t\t<h2 class=\"elementor-heading-title elementor-size-default\">Haz un donativo<\/h2>\t\t\t\t<\/div>\n\t\t\t\t<div class=\"elementor-element elementor-element-941798d elementor-widget elementor-widget-text-editor\" data-id=\"941798d\" data-element_type=\"widget\" data-e-type=\"widget\" data-widget_type=\"text-editor.default\">\n\t\t\t\t\t\t\t\t\t<p>Para que nuestros proyectos y servicios salgan adelante, crezcan, evolucionen y mejoren es imprescindible establecer sinergias de colaboraci\u00f3n y hacer red. As\u00ed que si te ha removido un poco<br \/>lo que hacemos, comprendes el valor social de nuestro proyecto y nos quieres ayudar, puedes hacer un donativo por alg\u00fan proyecto en concreto o para que llegue a la entidad y nosotros lo destinamos donde m\u00e1s lo necesitemoss.<br \/><span style=\"font-style: inherit; font-weight: inherit; background-color: var(--ast-global-color-5); color: var(--ast-global-color-3);\">Ay\u00fadanos.<\/span><a style=\"font-style: inherit; font-weight: inherit;\" href=\"https:\/\/aspanin.cat\/es\/\"> <\/a><\/p>\n\t\t\t\t\t\t\t\t<\/div>\n\t\t\t\t<div class=\"elementor-element elementor-element-5dc9a02 elementor-align-center fes-te elementor-mobile-align-center elementor-widget elementor-widget-button\" data-id=\"5dc9a02\" data-element_type=\"widget\" data-e-type=\"widget\" data-widget_type=\"button.default\">\n\t\t\t\t\t\t\t\t\t\t<a class=\"elementor-button elementor-button-link elementor-size-md\" href=\"https:\/\/aspanin.cat\/es\/plataforma-de-donacion\/\" id=\"voluntari\">\n\t\t\t\t\t\t<span class=\"elementor-button-content-wrapper\">\n\t\t\t\t\t\t\t\t\t<span class=\"elementor-button-text\">Donaci\u00f3n <\/span>\n\t\t\t\t\t<\/span>\n\t\t\t\t\t<\/a>\n\t\t\t\t\t\t\t\t<\/div>\n\t\t\t\t\t<\/div>\n\t\t<\/div>\n\t\t\t\t<div class=\"elementor-column elementor-col-33 elementor-inner-column elementor-element elementor-element-ed59608\" data-id=\"ed59608\" data-element_type=\"column\" data-e-type=\"column\">\n\t\t\t<div class=\"elementor-widget-wrap elementor-element-populated\">\n\t\t\t\t\t\t<div class=\"elementor-element elementor-element-2822f7f elementor-widget elementor-widget-heading\" data-id=\"2822f7f\" data-element_type=\"widget\" data-e-type=\"widget\" data-widget_type=\"heading.default\">\n\t\t\t\t\t<h2 class=\"elementor-heading-title elementor-size-default\">Forma parte <\/h2>\t\t\t\t<\/div>\n\t\t\t\t<div class=\"elementor-element elementor-element-0eb2ad7 elementor-widget elementor-widget-text-editor\" data-id=\"0eb2ad7\" data-element_type=\"widget\" data-e-type=\"widget\" data-widget_type=\"text-editor.default\">\n\t\t\t\t\t\t\t\t\t<p>Aspanin, es una entidad sin \u00e1nimo de lucro con los socios y socias como pilar fundamental.<br \/><span style=\"font-style: inherit; font-weight: inherit; background-color: var(--ast-global-color-5); color: var(--ast-global-color-3);\">Los socios, su impulsores, sue\u00f1o el motor de cambio, el espaldarazo incondicional a los mecanismos profesionales de la entidad.<br \/><\/span><span style=\"background-color: var(--ast-global-color-5); color: var(--ast-global-color-3); font-style: inherit; font-weight: inherit;\">Si quieres formar parte de la entidad de una forma m\u00e1s activa y comprometida. No lo dudes;<br \/><\/span><span style=\"font-style: inherit; font-weight: inherit; background-color: var(--ast-global-color-5); color: var(--ast-global-color-3);\">Hazte socio.<\/span><\/p>\n\t\t\t\t\t\t\t\t<\/div>\n\t\t\t\t<div class=\"elementor-element elementor-element-b6ff35e elementor-hidden-tablet elementor-hidden-mobile elementor-widget elementor-widget-spacer\" data-id=\"b6ff35e\" data-element_type=\"widget\" data-e-type=\"widget\" data-widget_type=\"spacer.default\">\n\t\t\t\t\t\t\t<div class=\"elementor-spacer\">\n\t\t\t<div class=\"elementor-spacer-inner\"><\/div>\n\t\t<\/div>\n\t\t\t\t\t\t<\/div>\n\t\t\t\t<div class=\"elementor-element elementor-element-c8c11dd elementor-align-center fes-te elementor-mobile-align-center elementor-widget elementor-widget-button\" data-id=\"c8c11dd\" data-element_type=\"widget\" data-e-type=\"widget\" data-widget_type=\"button.default\">\n\t\t\t\t\t\t\t\t\t\t<a class=\"elementor-button elementor-button-link elementor-size-md\" href=\"https:\/\/aspanin.cat\/es\/hazte-socio\/\" id=\"soci\">\n\t\t\t\t\t\t<span class=\"elementor-button-content-wrapper\">\n\t\t\t\t\t\t\t\t\t<span class=\"elementor-button-text\">Hazte socio<\/span>\n\t\t\t\t\t<\/span>\n\t\t\t\t\t<\/a>\n\t\t\t\t\t\t\t\t<\/div>\n\t\t\t\t\t<\/div>\n\t\t<\/div>\n\t\t\t\t\t<\/div>\n\t\t<\/section>\n\t\t\t\t\t<\/div>\n\t\t<\/div>\n\t\t\t\t\t<\/div>\n\t\t<\/section>\n\t\t\t\t<\/div>\n\t\t","protected":false},"excerpt":{"rendered":"<p>Colabora con Aspanin Dedica tu tiempo \u00bfQu\u00e9 necesita una persona con discapacidad intelectual? Lo mismo que t\u00faAceptaci\u00f3n, trato humano, poder decidir, respetar su ritmo y tener apoyo en determinados momentos.Un poco de tu tiempo puede ser mucho para ellos. Dona tiempo Haz un donativo Para que nuestros proyectos y servicios salgan adelante, crezcan, evolucionen y [&hellip;]<\/p>\n","protected":false},"author":1,"featured_media":0,"parent":0,"menu_order":0,"comment_status":"closed","ping_status":"closed","template":"","meta":{"site-sidebar-layout":"no-sidebar","site-content-layout":"page-builder","ast-site-content-layout":"default","site-content-style":"default","site-sidebar-style":"default","ast-global-header-display":"","ast-banner-title-visibility":"","ast-main-header-display":"","ast-hfb-above-header-display":"","ast-hfb-below-header-display":"","ast-hfb-mobile-header-display":"","site-post-title":"disabled","ast-breadcrumbs-content":"","ast-featured-img":"disabled","footer-sml-layout":"","ast-disable-related-posts":"","theme-transparent-header-meta":"default","adv-header-id-meta":"","stick-header-meta":"","header-above-stick-meta":"","header-main-stick-meta":"","header-below-stick-meta":"","astra-migrate-meta-layouts":"default","ast-page-background-enabled":"default","ast-page-background-meta":{"desktop":{"background-color":"var(--ast-global-color-4)","background-image":"","background-repeat":"repeat","background-position":"center center","background-size":"auto","background-attachment":"scroll","background-type":"","background-media":"","overlay-type":"","overlay-color":"","overlay-opacity":"","overlay-gradient":""},"tablet":{"background-color":"","background-image":"","background-repeat":"repeat","background-position":"center center","background-size":"auto","background-attachment":"scroll","background-type":"","background-media":"","overlay-type":"","overlay-color":"","overlay-opacity":"","overlay-gradient":""},"mobile":{"background-color":"","background-image":"","background-repeat":"repeat","background-position":"center center","background-size":"auto","background-attachment":"scroll","background-type":"","background-media":"","overlay-type":"","overlay-color":"","overlay-opacity":"","overlay-gradient":""}},"ast-content-background-meta":{"desktop":{"background-color":"var(--ast-global-color-5)","background-image":"","background-repeat":"repeat","background-position":"center center","background-size":"auto","background-attachment":"scroll","background-type":"","background-media":"","overlay-type":"","overlay-color":"","overlay-opacity":"","overlay-gradient":""},"tablet":{"background-color":"var(--ast-global-color-5)","background-image":"","background-repeat":"repeat","background-position":"center center","background-size":"auto","background-attachment":"scroll","background-type":"","background-media":"","overlay-type":"","overlay-color":"","overlay-opacity":"","overlay-gradient":""},"mobile":{"background-color":"var(--ast-global-color-5)","background-image":"","background-repeat":"repeat","background-position":"center center","background-size":"auto","background-attachment":"scroll","background-type":"","background-media":"","overlay-type":"","overlay-color":"","overlay-opacity":"","overlay-gradient":""}},"footnotes":""},"class_list":["post-12453","page","type-page","status-publish","hentry"],"yoast_head":"<!-- This site is optimized with the Yoast SEO plugin v27.4 - https:\/\/yoast.com\/product\/yoast-seo-wordpress\/ -->\n<title>Dona - ASPANIN<\/title>\n<meta name=\"robots\" content=\"index, follow, max-snippet:-1, max-image-preview:large, max-video-preview:-1\" \/>\n<link rel=\"canonical\" href=\"https:\/\/aspanin.cat\/es\/dona\/\" \/>\n<meta property=\"og:locale\" content=\"es_ES\" \/>\n<meta property=\"og:type\" content=\"article\" \/>\n<meta property=\"og:title\" content=\"Dona - ASPANIN\" \/>\n<meta property=\"og:description\" content=\"Colabora con Aspanin Dedica tu tiempo \u00bfQu\u00e9 necesita una persona con discapacidad intelectual? Lo mismo que t\u00faAceptaci\u00f3n, trato humano, poder decidir, respetar su ritmo y tener apoyo en determinados momentos.Un poco de tu tiempo puede ser mucho para ellos. Dona tiempo Haz un donativo Para que nuestros proyectos y servicios salgan adelante, crezcan, evolucionen y [&hellip;]\" \/>\n<meta property=\"og:url\" content=\"https:\/\/aspanin.cat\/es\/dona\/\" \/>\n<meta property=\"og:site_name\" content=\"ASPANIN\" \/>\n<meta property=\"article:modified_time\" content=\"2023-10-23T10:07:57+00:00\" \/>\n<meta name=\"twitter:card\" content=\"summary_large_image\" \/>\n<meta name=\"twitter:label1\" content=\"Tiempo de lectura\" \/>\n\t<meta name=\"twitter:data1\" content=\"1 minuto\" \/>\n<script type=\"application\/ld+json\" class=\"yoast-schema-graph\">{\"@context\":\"https:\\\/\\\/schema.org\",\"@graph\":[{\"@type\":\"WebPage\",\"@id\":\"https:\\\/\\\/aspanin.cat\\\/es\\\/dona\\\/\",\"url\":\"https:\\\/\\\/aspanin.cat\\\/es\\\/dona\\\/\",\"name\":\"Dona - ASPANIN\",\"isPartOf\":{\"@id\":\"https:\\\/\\\/aspanin.cat\\\/es\\\/#website\"},\"datePublished\":\"2023-02-17T09:10:16+00:00\",\"dateModified\":\"2023-10-23T10:07:57+00:00\",\"inLanguage\":\"es\",\"potentialAction\":[{\"@type\":\"ReadAction\",\"target\":[\"https:\\\/\\\/aspanin.cat\\\/es\\\/dona\\\/\"]}]},{\"@type\":\"WebSite\",\"@id\":\"https:\\\/\\\/aspanin.cat\\\/es\\\/#website\",\"url\":\"https:\\\/\\\/aspanin.cat\\\/es\\\/\",\"name\":\"ASPANIN\",\"description\":\"Pro persones amb discapacitat intel\u00b7lectual i les seves fam\u00edlies\",\"publisher\":{\"@id\":\"https:\\\/\\\/aspanin.cat\\\/es\\\/#organization\"},\"potentialAction\":[{\"@type\":\"SearchAction\",\"target\":{\"@type\":\"EntryPoint\",\"urlTemplate\":\"https:\\\/\\\/aspanin.cat\\\/es\\\/?s={search_term_string}\"},\"query-input\":{\"@type\":\"PropertyValueSpecification\",\"valueRequired\":true,\"valueName\":\"search_term_string\"}}],\"inLanguage\":\"es\"},{\"@type\":\"Organization\",\"@id\":\"https:\\\/\\\/aspanin.cat\\\/es\\\/#organization\",\"name\":\"ASPANIN\",\"url\":\"https:\\\/\\\/aspanin.cat\\\/es\\\/\",\"logo\":{\"@type\":\"ImageObject\",\"inLanguage\":\"es\",\"@id\":\"https:\\\/\\\/aspanin.cat\\\/es\\\/#\\\/schema\\\/logo\\\/image\\\/\",\"url\":\"https:\\\/\\\/aspanin.cat\\\/wp-content\\\/uploads\\\/2020\\\/07\\\/logo.gif\",\"contentUrl\":\"https:\\\/\\\/aspanin.cat\\\/wp-content\\\/uploads\\\/2020\\\/07\\\/logo.gif\",\"width\":587,\"height\":190,\"caption\":\"ASPANIN\"},\"image\":{\"@id\":\"https:\\\/\\\/aspanin.cat\\\/es\\\/#\\\/schema\\\/logo\\\/image\\\/\"}}]}<\/script>\n<!-- \/ Yoast SEO plugin. -->","yoast_head_json":{"title":"Dona - ASPANIN","robots":{"index":"index","follow":"follow","max-snippet":"max-snippet:-1","max-image-preview":"max-image-preview:large","max-video-preview":"max-video-preview:-1"},"canonical":"https:\/\/aspanin.cat\/es\/dona\/","og_locale":"es_ES","og_type":"article","og_title":"Dona - ASPANIN","og_description":"Colabora con Aspanin Dedica tu tiempo \u00bfQu\u00e9 necesita una persona con discapacidad intelectual? Lo mismo que t\u00faAceptaci\u00f3n, trato humano, poder decidir, respetar su ritmo y tener apoyo en determinados momentos.Un poco de tu tiempo puede ser mucho para ellos. Dona tiempo Haz un donativo Para que nuestros proyectos y servicios salgan adelante, crezcan, evolucionen y [&hellip;]","og_url":"https:\/\/aspanin.cat\/es\/dona\/","og_site_name":"ASPANIN","article_modified_time":"2023-10-23T10:07:57+00:00","twitter_card":"summary_large_image","twitter_misc":{"Tiempo de lectura":"1 minuto"},"schema":{"@context":"https:\/\/schema.org","@graph":[{"@type":"WebPage","@id":"https:\/\/aspanin.cat\/es\/dona\/","url":"https:\/\/aspanin.cat\/es\/dona\/","name":"Dona - ASPANIN","isPartOf":{"@id":"https:\/\/aspanin.cat\/es\/#website"},"datePublished":"2023-02-17T09:10:16+00:00","dateModified":"2023-10-23T10:07:57+00:00","inLanguage":"es","potentialAction":[{"@type":"ReadAction","target":["https:\/\/aspanin.cat\/es\/dona\/"]}]},{"@type":"WebSite","@id":"https:\/\/aspanin.cat\/es\/#website","url":"https:\/\/aspanin.cat\/es\/","name":"ASPANIN","description":"Pro persones amb discapacitat intel\u00b7lectual i les seves fam\u00edlies","publisher":{"@id":"https:\/\/aspanin.cat\/es\/#organization"},"potentialAction":[{"@type":"SearchAction","target":{"@type":"EntryPoint","urlTemplate":"https:\/\/aspanin.cat\/es\/?s={search_term_string}"},"query-input":{"@type":"PropertyValueSpecification","valueRequired":true,"valueName":"search_term_string"}}],"inLanguage":"es"},{"@type":"Organization","@id":"https:\/\/aspanin.cat\/es\/#organization","name":"ASPANIN","url":"https:\/\/aspanin.cat\/es\/","logo":{"@type":"ImageObject","inLanguage":"es","@id":"https:\/\/aspanin.cat\/es\/#\/schema\/logo\/image\/","url":"https:\/\/aspanin.cat\/wp-content\/uploads\/2020\/07\/logo.gif","contentUrl":"https:\/\/aspanin.cat\/wp-content\/uploads\/2020\/07\/logo.gif","width":587,"height":190,"caption":"ASPANIN"},"image":{"@id":"https:\/\/aspanin.cat\/es\/#\/schema\/logo\/image\/"}}]}},"_links":{"self":[{"href":"https:\/\/aspanin.cat\/es\/wp-json\/wp\/v2\/pages\/12453","targetHints":{"allow":["GET"]}}],"collection":[{"href":"https:\/\/aspanin.cat\/es\/wp-json\/wp\/v2\/pages"}],"about":[{"href":"https:\/\/aspanin.cat\/es\/wp-json\/wp\/v2\/types\/page"}],"author":[{"embeddable":true,"href":"https:\/\/aspanin.cat\/es\/wp-json\/wp\/v2\/users\/1"}],"replies":[{"embeddable":true,"href":"https:\/\/aspanin.cat\/es\/wp-json\/wp\/v2\/comments?post=12453"}],"version-history":[{"count":2,"href":"https:\/\/aspanin.cat\/es\/wp-json\/wp\/v2\/pages\/12453\/revisions"}],"predecessor-version":[{"id":13052,"href":"https:\/\/aspanin.cat\/es\/wp-json\/wp\/v2\/pages\/12453\/revisions\/13052"}],"wp:attachment":[{"href":"https:\/\/aspanin.cat\/es\/wp-json\/wp\/v2\/media?parent=12453"}],"curies":[{"name":"wp","href":"https:\/\/api.w.org\/{rel}","templated":true}]}}