{"id":12452,"date":"2023-02-21T09:00:16","date_gmt":"2023-02-21T09:00:16","guid":{"rendered":"https:\/\/aspanin.cat\/club-llevant\/"},"modified":"2025-11-18T12:06:26","modified_gmt":"2025-11-18T12:06:26","slug":"club-llevant","status":"publish","type":"page","link":"https:\/\/aspanin.cat\/es\/club-llevant\/","title":{"rendered":"Club llevant"},"content":{"rendered":"\t\t<div data-elementor-type=\"wp-page\" data-elementor-id=\"12452\" class=\"elementor elementor-12452 elementor-820\" data-elementor-post-type=\"page\">\n\t\t\t\t\t\t<section class=\"elementor-section elementor-top-section elementor-element elementor-element-1dd82b5e elementor-section-boxed elementor-section-height-default elementor-section-height-default\" data-id=\"1dd82b5e\" data-element_type=\"section\" data-e-type=\"section\">\n\t\t\t\t\t\t<div class=\"elementor-container elementor-column-gap-default\">\n\t\t\t\t\t<div class=\"elementor-column elementor-col-100 elementor-top-column elementor-element elementor-element-662f09b6\" data-id=\"662f09b6\" data-element_type=\"column\" data-e-type=\"column\">\n\t\t\t<div class=\"elementor-widget-wrap elementor-element-populated\">\n\t\t\t\t\t\t<div class=\"elementor-element elementor-element-4efd9b3 elementor-widget elementor-widget-heading\" data-id=\"4efd9b3\" data-element_type=\"widget\" data-e-type=\"widget\" data-widget_type=\"heading.default\">\n\t\t\t\t\t<h1 class=\"elementor-heading-title elementor-size-default\">Servicio de ocio Club Llevant<\/h1>\t\t\t\t<\/div>\n\t\t\t\t<div class=\"elementor-element elementor-element-4a7809aa elementor-widget-divider--view-line elementor-widget elementor-widget-divider\" data-id=\"4a7809aa\" data-element_type=\"widget\" data-e-type=\"widget\" data-widget_type=\"divider.default\">\n\t\t\t\t\t\t\t<div class=\"elementor-divider\">\n\t\t\t<span class=\"elementor-divider-separator\">\n\t\t\t\t\t\t<\/span>\n\t\t<\/div>\n\t\t\t\t\t\t<\/div>\n\t\t\t\t\t<\/div>\n\t\t<\/div>\n\t\t\t\t\t<\/div>\n\t\t<\/section>\n\t\t\t\t<section class=\"elementor-section elementor-top-section elementor-element elementor-element-a07bd6c elementor-section-boxed elementor-section-height-default elementor-section-height-default\" data-id=\"a07bd6c\" data-element_type=\"section\" data-e-type=\"section\">\n\t\t\t\t\t\t<div class=\"elementor-container elementor-column-gap-default\">\n\t\t\t\t\t<div class=\"elementor-column elementor-col-50 elementor-top-column elementor-element elementor-element-c7eacc8\" data-id=\"c7eacc8\" data-element_type=\"column\" data-e-type=\"column\">\n\t\t\t<div class=\"elementor-widget-wrap elementor-element-populated\">\n\t\t\t\t\t\t<section class=\"elementor-section elementor-inner-section elementor-element elementor-element-575f381 elementor-section-boxed elementor-section-height-default elementor-section-height-default\" data-id=\"575f381\" data-element_type=\"section\" data-e-type=\"section\">\n\t\t\t\t\t\t<div class=\"elementor-container elementor-column-gap-default\">\n\t\t\t\t\t<div class=\"elementor-column elementor-col-100 elementor-inner-column elementor-element elementor-element-11673f7\" data-id=\"11673f7\" data-element_type=\"column\" data-e-type=\"column\">\n\t\t\t<div class=\"elementor-widget-wrap elementor-element-populated\">\n\t\t\t\t\t\t<div class=\"elementor-element elementor-element-d115026 elementor-widget elementor-widget-text-editor\" data-id=\"d115026\" data-element_type=\"widget\" data-e-type=\"widget\" data-widget_type=\"text-editor.default\">\n\t\t\t\t\t\t\t\t\t<section>\n<p style=\"text-align: left;\">La OMS define<strong><span style=\"color: #99cc00;\"><strong><span style=\"color: #99cc00;\"> la salud como El estado de bienestar completo; f\u00edsico, mental y social y no solo como\n ausencia de enfermedad.<\/span><\/strong><\/span><\/strong><\/p>\n<p style=\"text-align: left;\">Somos conscientes del impacto que tiene el servicio de ocio en la salud mental y f\u00edsica de las personas, y\npor eso creemos que es primordial que todo el mundo pueda disfrutar.<\/p>\n<p style=\"text-align: left;\">Club Llevant est\u00e1 dedicado a personas j\u00f3venes y adultas a partir de 16 a\u00f1os.<\/p>\n<p style=\"text-align: left;\">Ofrecemos recursos de ocio actuales, para personas con discapacidad intelectual, el m\u00e1s\nnormalizados y comunitarios posible, seg\u00fan las necesidades, intereses y las demandas de las\npersonas que participan.<\/p>\n<span style=\"color: #99cc00;\"><strong> &#8211; ACTIVIDADES FIJAS SEMANALES 2023<\/strong><\/span>\n<table style=\"border-collapse: collapse; width: 704px; height: 245px;\" border=\"0\" width=\"480\" cellspacing=\"0\" cellpadding=\"0\">\n<tbody>\n<tr style=\"height: 15.0pt;\">\n<td class=\"xl63\" style=\"height: 15.0pt; width: 60pt;\" width=\"80\" height=\"20\"><span style=\"color: #ffffff;\">\/\/\/\/\/\/\/\/\/\/\/\/\/\/\/\/\/<\/span><\/td>\n<td class=\"xl63\" style=\"border-left: none; width: 60pt; text-align: center;\" width=\"80\">LUNES<\/td>\n<td class=\"xl63\" style=\"border-left: none; width: 60pt; text-align: center;\" width=\"80\">MARTES<\/td>\n<td class=\"xl63\" style=\"border-left: none; width: 60pt; text-align: center;\" width=\"80\">MI\u00c9RCOLES<\/td>\n<td class=\"xl63\" style=\"border-left: none; width: 60pt; text-align: center;\" width=\"80\">JUEVES<\/td>\n<td class=\"xl63\" style=\"border-left: none; width: 60pt; text-align: center;\" width=\"80\">VIERNES<\/td>\n<\/tr>\n<tr style=\"height: 15.0pt;\">\n<td class=\"xl63\" style=\"height: 15.0pt; border-top: none;\" height=\"20\"><\/td>\n<td class=\"xl63\" style=\"border-top: none; border-left: none;\"><\/td>\n<td class=\"xl63\" style=\"border-top: none; border-left: none;\"><\/td>\n<td class=\"xl63\" style=\"border-top: none; border-left: none;\"><\/td>\n<td class=\"xl63\" style=\"border-top: none; border-left: none;\"><\/td>\n<td class=\"xl63\" style=\"border-top: none; border-left: none;\"><\/td>\n<\/tr>\n<tr style=\"height: 15.0pt;\">\n<td class=\"xl63\" style=\"height: 15pt; border-top: none; text-align: center;\" height=\"20\">16:30-18:00<\/td>\n<td class=\"xl63\" style=\"border-top: none; border-left: none;\"><\/td>\n<em><td class=\"xl63\" style=\"border-top: none; border-left: none; text-align: center;\"><\/td><td class=\"xl63\" style=\"border-top: none; border-left: none; text-align: center;\">Nuevas tecnolog\u00edas<\/td>\nBaloncesto<\/em>\n<td class=\"xl63\" style=\"border-top: none; border-left: none;\"><\/td>\n<td class=\"xl63\" style=\"border-top: none; border-left: none;\"><\/td>\n<\/tr>\n<tr style=\"height: 15.0pt;\">\n<td class=\"xl64\" style=\"height: 15pt; border-top: none; width: 60pt; text-align: center;\" width=\"80\" height=\"20\">18:00-19:30<\/td>\n<td class=\"xl63\" style=\"border-top: none; border-left: none;\"><\/td>\n<td class=\"xl63\" style=\"border-top: none; border-left: none; text-align: center;\">Teatro<\/td>\n<td class=\"xl63\" style=\"border-top: none; border-left: none;\"> Costura<\/td>\n<td class=\"xl63\" style=\"border-top: none; border-left: none; text-align: center;\">Caminadas<\/td>\n<td class=\"xl63\" style=\"border-top: none; border-left: none; text-align: center;\">Cocina<\/td>\n<\/tr>\n<\/tbody>\n<\/table>\n<strong><span style=\"color: #99cc00;\"> &#8211; ACTIVIDADES VARIADAS DE FIN DE SEMANA<\/span><\/strong>\n<table style=\"border-collapse: collapse; width: 239px; height: 236px;\" border=\"0\" width=\"160\" cellspacing=\"0\" cellpadding=\"0\">\n<tbody>\n<tr style=\"height: 15.0pt;\">\n <td class=\"xl65\" style=\"height: 15pt; width: 60pt; text-align: center;\" width=\"80\" height=\"20\"><\/td><td class=\"xl65\" style=\"border-left: none; width: 60pt; text-align: center;\" width=\"80\">S\u00c1BADO<br>DOMINGO<\/td>\n<\/tr>\n<tr style=\"height: 15.0pt;\">\n<td class=\"xl65\" style=\"height: 15pt; border-top: none; text-align: center;\" height=\"20\">Salidas\n<\/td><td class=\"xl65\" style=\"border-top: none; border-left: none; text-align: center;\">Deportes<\/td>\n<\/tr>\n<tr style=\"height: 15.0pt;\">\n<td class=\"xl65\" style=\"height: 15pt; border-top: none; text-align: center;\" height=\"20\">Cine<\/td><td class=\"xl65\" style=\"border-top: none; border-left: none; text-align: center;\">Discoteca<\/td>\n<\/tr>\n<tr style=\"height: 15.0pt;\">\n<td class=\"xl65\" style=\"height: 15pt; border-top: none; text-align: center;\" height=\"20\">Talleres<\/td><td class=\"xl65\" style=\"border-top: none; border-left: none; text-align: center;\">Karaoke<\/td>\n<\/tr>\n<tr style=\"height: 15.0pt;\">\n<td class=\"xl65\" style=\"height: 15pt; border-top: none; text-align: center;\" height=\"20\">Museos<\/td><td class=\"xl65\" style=\"border-top: none; border-left: none;\">Cultura poupular<\/td>\n<\/tr>\n<\/tbody>\n<\/table>\n<strong><span style=\"color: #99cc00;\">&#8211; VACACIONES DE SEMANA SANTA Y VERANO<\/span><\/strong>\n\n<\/section>\t\t\t\t\t\t\t\t<\/div>\n\t\t\t\t<div class=\"elementor-element elementor-element-bd1f6cb elementor-widget elementor-widget-image\" data-id=\"bd1f6cb\" data-element_type=\"widget\" data-e-type=\"widget\" data-widget_type=\"image.default\">\n\t\t\t\t\t\t\t\t\t\t\t\t\t\t\t<img fetchpriority=\"high\" decoding=\"async\" width=\"1024\" height=\"768\" src=\"https:\/\/aspanin.cat\/wp-content\/uploads\/2023\/04\/club_llevant-1024x768.jpg\" class=\"attachment-large size-large wp-image-12121\" alt=\"\" srcset=\"https:\/\/aspanin.cat\/wp-content\/uploads\/2023\/04\/club_llevant-1024x768.jpg 1024w, https:\/\/aspanin.cat\/wp-content\/uploads\/2023\/04\/club_llevant-300x225.jpg 300w, https:\/\/aspanin.cat\/wp-content\/uploads\/2023\/04\/club_llevant-768x576.jpg 768w, https:\/\/aspanin.cat\/wp-content\/uploads\/2023\/04\/club_llevant-1536x1152.jpg 1536w, https:\/\/aspanin.cat\/wp-content\/uploads\/2023\/04\/club_llevant-2048x1536.jpg 2048w\" sizes=\"(max-width: 1024px) 100vw, 1024px\" \/>\t\t\t\t\t\t\t\t\t\t\t\t\t\t\t<\/div>\n\t\t\t\t\t<\/div>\n\t\t<\/div>\n\t\t\t\t\t<\/div>\n\t\t<\/section>\n\t\t\t\t\t<\/div>\n\t\t<\/div>\n\t\t\t\t<div class=\"elementor-column elementor-col-50 elementor-top-column elementor-element elementor-element-6801b043\" data-id=\"6801b043\" data-element_type=\"column\" data-e-type=\"column\">\n\t\t\t<div class=\"elementor-widget-wrap elementor-element-populated\">\n\t\t\t\t\t\t<div class=\"elementor-element elementor-element-319ab9b5 elementor-widget elementor-widget-heading\" data-id=\"319ab9b5\" data-element_type=\"widget\" data-e-type=\"widget\" data-widget_type=\"heading.default\">\n\t\t\t\t\t<h2 class=\"elementor-heading-title elementor-size-default\">Colabora<\/h2>\t\t\t\t<\/div>\n\t\t\t\t<div class=\"elementor-element elementor-element-f9d22e9 elementor-widget__width-initial elementor--h-position-center elementor--v-position-middle elementor-arrows-position-inside elementor-pagination-position-inside elementor-widget elementor-widget-slides\" data-id=\"f9d22e9\" data-element_type=\"widget\" data-e-type=\"widget\" data-settings=\"{&quot;navigation&quot;:&quot;both&quot;,&quot;transition&quot;:&quot;slide&quot;,&quot;transition_speed&quot;:500}\" data-widget_type=\"slides.default\">\n\t\t\t\t\t\t\t\t\t\t<div class=\"elementor-slides-wrapper elementor-main-swiper swiper\" role=\"region\" aria-roledescription=\"carousel\" aria-label=\"Slides\" dir=\"ltr\" data-animation=\"\">\n\t\t\t\t<div class=\"swiper-wrapper elementor-slides\">\n\t\t\t\t\t\t\t\t\t\t<div class=\"elementor-repeater-item-bca1e80 swiper-slide\" role=\"group\" aria-roledescription=\"slide\"><div class=\"swiper-slide-bg\" role=\"img\" aria-label=\"Collabora\"><\/div><a class=\"swiper-slide-inner\" href=\"https:\/\/aspanin.cat\/es\/dona\/\"><div class=\"swiper-slide-contents\"><div class=\"elementor-slide-heading\">AY\u00daDANOS A MEJORAR LA CALIDAD DE VIDA DE LAS PERSONAS CON DISCAPACIDAD INTELECTUAL<\/div><\/div><\/a><\/div>\t\t\t\t<\/div>\n\t\t\t\t\t\t\t<\/div>\n\t\t\t\t\t\t\t\t<\/div>\n\t\t\t\t<div class=\"elementor-element elementor-element-18859ac3 elementor-widget__width-initial elementor-widget elementor-widget-heading\" data-id=\"18859ac3\" data-element_type=\"widget\" data-e-type=\"widget\" data-widget_type=\"heading.default\">\n\t\t\t\t\t<h2 class=\"elementor-heading-title elementor-size-default\">Ay\u00fadanos<\/h2>\t\t\t\t<\/div>\n\t\t\t\t\t<\/div>\n\t\t<\/div>\n\t\t\t\t\t<\/div>\n\t\t<\/section>\n\t\t\t\t<\/div>\n\t\t","protected":false},"excerpt":{"rendered":"<p>Servicio de ocio Club Llevant La OMS define la salud como El estado de bienestar completo; f\u00edsico, mental y social y no solo como ausencia de enfermedad. Somos conscientes del impacto que tiene el servicio de ocio en la salud mental y f\u00edsica de las personas, y por eso creemos que es primordial que todo [&hellip;]<\/p>\n","protected":false},"author":1,"featured_media":0,"parent":0,"menu_order":0,"comment_status":"closed","ping_status":"closed","template":"","meta":{"site-sidebar-layout":"no-sidebar","site-content-layout":"page-builder","ast-site-content-layout":"default","site-content-style":"default","site-sidebar-style":"default","ast-global-header-display":"","ast-banner-title-visibility":"","ast-main-header-display":"","ast-hfb-above-header-display":"","ast-hfb-below-header-display":"","ast-hfb-mobile-header-display":"","site-post-title":"disabled","ast-breadcrumbs-content":"","ast-featured-img":"disabled","footer-sml-layout":"","ast-disable-related-posts":"","theme-transparent-header-meta":"default","adv-header-id-meta":"","stick-header-meta":"","header-above-stick-meta":"","header-main-stick-meta":"","header-below-stick-meta":"","astra-migrate-meta-layouts":"default","ast-page-background-enabled":"default","ast-page-background-meta":{"desktop":{"background-color":"var(--ast-global-color-4)","background-image":"","background-repeat":"repeat","background-position":"center center","background-size":"auto","background-attachment":"scroll","background-type":"","background-media":"","overlay-type":"","overlay-color":"","overlay-opacity":"","overlay-gradient":""},"tablet":{"background-color":"","background-image":"","background-repeat":"repeat","background-position":"center center","background-size":"auto","background-attachment":"scroll","background-type":"","background-media":"","overlay-type":"","overlay-color":"","overlay-opacity":"","overlay-gradient":""},"mobile":{"background-color":"","background-image":"","background-repeat":"repeat","background-position":"center center","background-size":"auto","background-attachment":"scroll","background-type":"","background-media":"","overlay-type":"","overlay-color":"","overlay-opacity":"","overlay-gradient":""}},"ast-content-background-meta":{"desktop":{"background-color":"var(--ast-global-color-5)","background-image":"","background-repeat":"repeat","background-position":"center center","background-size":"auto","background-attachment":"scroll","background-type":"","background-media":"","overlay-type":"","overlay-color":"","overlay-opacity":"","overlay-gradient":""},"tablet":{"background-color":"var(--ast-global-color-5)","background-image":"","background-repeat":"repeat","background-position":"center center","background-size":"auto","background-attachment":"scroll","background-type":"","background-media":"","overlay-type":"","overlay-color":"","overlay-opacity":"","overlay-gradient":""},"mobile":{"background-color":"var(--ast-global-color-5)","background-image":"","background-repeat":"repeat","background-position":"center center","background-size":"auto","background-attachment":"scroll","background-type":"","background-media":"","overlay-type":"","overlay-color":"","overlay-opacity":"","overlay-gradient":""}},"footnotes":""},"class_list":["post-12452","page","type-page","status-publish","hentry"],"yoast_head":"<!-- This site is optimized with the Yoast SEO plugin v27.6 - https:\/\/yoast.com\/product\/yoast-seo-wordpress\/ -->\n<title>Club llevant - ASPANIN<\/title>\n<meta name=\"robots\" content=\"index, follow, max-snippet:-1, max-image-preview:large, max-video-preview:-1\" \/>\n<link rel=\"canonical\" href=\"https:\/\/aspanin.cat\/es\/club-llevant\/\" \/>\n<meta property=\"og:locale\" content=\"es_ES\" \/>\n<meta property=\"og:type\" content=\"article\" \/>\n<meta property=\"og:title\" content=\"Club llevant - ASPANIN\" \/>\n<meta property=\"og:description\" content=\"Servicio de ocio Club Llevant La OMS define la salud como El estado de bienestar completo; f\u00edsico, mental y social y no solo como ausencia de enfermedad. Somos conscientes del impacto que tiene el servicio de ocio en la salud mental y f\u00edsica de las personas, y por eso creemos que es primordial que todo [&hellip;]\" \/>\n<meta property=\"og:url\" content=\"https:\/\/aspanin.cat\/es\/club-llevant\/\" \/>\n<meta property=\"og:site_name\" content=\"ASPANIN\" \/>\n<meta property=\"article:modified_time\" content=\"2025-11-18T12:06:26+00:00\" \/>\n<meta property=\"og:image\" content=\"https:\/\/aspanin.cat\/wp-content\/uploads\/2023\/04\/club_llevant-scaled.jpg\" \/>\n\t<meta property=\"og:image:width\" content=\"2560\" \/>\n\t<meta property=\"og:image:height\" content=\"1920\" \/>\n\t<meta property=\"og:image:type\" content=\"image\/jpeg\" \/>\n<meta name=\"twitter:card\" content=\"summary_large_image\" \/>\n<meta name=\"twitter:label1\" content=\"Tiempo de lectura\" \/>\n\t<meta name=\"twitter:data1\" content=\"1 minuto\" \/>\n<script type=\"application\/ld+json\" class=\"yoast-schema-graph\">{\"@context\":\"https:\\\/\\\/schema.org\",\"@graph\":[{\"@type\":\"WebPage\",\"@id\":\"https:\\\/\\\/aspanin.cat\\\/es\\\/club-llevant\\\/\",\"url\":\"https:\\\/\\\/aspanin.cat\\\/es\\\/club-llevant\\\/\",\"name\":\"Club llevant - ASPANIN\",\"isPartOf\":{\"@id\":\"https:\\\/\\\/aspanin.cat\\\/es\\\/#website\"},\"primaryImageOfPage\":{\"@id\":\"https:\\\/\\\/aspanin.cat\\\/es\\\/club-llevant\\\/#primaryimage\"},\"image\":{\"@id\":\"https:\\\/\\\/aspanin.cat\\\/es\\\/club-llevant\\\/#primaryimage\"},\"thumbnailUrl\":\"https:\\\/\\\/aspanin.cat\\\/wp-content\\\/uploads\\\/2023\\\/04\\\/club_llevant-1024x768.jpg\",\"datePublished\":\"2023-02-21T09:00:16+00:00\",\"dateModified\":\"2025-11-18T12:06:26+00:00\",\"inLanguage\":\"es\",\"potentialAction\":[{\"@type\":\"ReadAction\",\"target\":[\"https:\\\/\\\/aspanin.cat\\\/es\\\/club-llevant\\\/\"]}]},{\"@type\":\"ImageObject\",\"inLanguage\":\"es\",\"@id\":\"https:\\\/\\\/aspanin.cat\\\/es\\\/club-llevant\\\/#primaryimage\",\"url\":\"https:\\\/\\\/aspanin.cat\\\/wp-content\\\/uploads\\\/2023\\\/04\\\/club_llevant-1024x768.jpg\",\"contentUrl\":\"https:\\\/\\\/aspanin.cat\\\/wp-content\\\/uploads\\\/2023\\\/04\\\/club_llevant-1024x768.jpg\"},{\"@type\":\"WebSite\",\"@id\":\"https:\\\/\\\/aspanin.cat\\\/es\\\/#website\",\"url\":\"https:\\\/\\\/aspanin.cat\\\/es\\\/\",\"name\":\"ASPANIN\",\"description\":\"Pro persones amb discapacitat intel\u00b7lectual i les seves fam\u00edlies\",\"publisher\":{\"@id\":\"https:\\\/\\\/aspanin.cat\\\/es\\\/#organization\"},\"potentialAction\":[{\"@type\":\"SearchAction\",\"target\":{\"@type\":\"EntryPoint\",\"urlTemplate\":\"https:\\\/\\\/aspanin.cat\\\/es\\\/?s={search_term_string}\"},\"query-input\":{\"@type\":\"PropertyValueSpecification\",\"valueRequired\":true,\"valueName\":\"search_term_string\"}}],\"inLanguage\":\"es\"},{\"@type\":\"Organization\",\"@id\":\"https:\\\/\\\/aspanin.cat\\\/es\\\/#organization\",\"name\":\"ASPANIN\",\"url\":\"https:\\\/\\\/aspanin.cat\\\/es\\\/\",\"logo\":{\"@type\":\"ImageObject\",\"inLanguage\":\"es\",\"@id\":\"https:\\\/\\\/aspanin.cat\\\/es\\\/#\\\/schema\\\/logo\\\/image\\\/\",\"url\":\"https:\\\/\\\/aspanin.cat\\\/wp-content\\\/uploads\\\/2020\\\/07\\\/logo.gif\",\"contentUrl\":\"https:\\\/\\\/aspanin.cat\\\/wp-content\\\/uploads\\\/2020\\\/07\\\/logo.gif\",\"width\":587,\"height\":190,\"caption\":\"ASPANIN\"},\"image\":{\"@id\":\"https:\\\/\\\/aspanin.cat\\\/es\\\/#\\\/schema\\\/logo\\\/image\\\/\"}}]}<\/script>\n<!-- \/ Yoast SEO plugin. -->","yoast_head_json":{"title":"Club llevant - ASPANIN","robots":{"index":"index","follow":"follow","max-snippet":"max-snippet:-1","max-image-preview":"max-image-preview:large","max-video-preview":"max-video-preview:-1"},"canonical":"https:\/\/aspanin.cat\/es\/club-llevant\/","og_locale":"es_ES","og_type":"article","og_title":"Club llevant - ASPANIN","og_description":"Servicio de ocio Club Llevant La OMS define la salud como El estado de bienestar completo; f\u00edsico, mental y social y no solo como ausencia de enfermedad. Somos conscientes del impacto que tiene el servicio de ocio en la salud mental y f\u00edsica de las personas, y por eso creemos que es primordial que todo [&hellip;]","og_url":"https:\/\/aspanin.cat\/es\/club-llevant\/","og_site_name":"ASPANIN","article_modified_time":"2025-11-18T12:06:26+00:00","og_image":[{"width":2560,"height":1920,"url":"https:\/\/aspanin.cat\/wp-content\/uploads\/2023\/04\/club_llevant-scaled.jpg","type":"image\/jpeg"}],"twitter_card":"summary_large_image","twitter_misc":{"Tiempo de lectura":"1 minuto"},"schema":{"@context":"https:\/\/schema.org","@graph":[{"@type":"WebPage","@id":"https:\/\/aspanin.cat\/es\/club-llevant\/","url":"https:\/\/aspanin.cat\/es\/club-llevant\/","name":"Club llevant - ASPANIN","isPartOf":{"@id":"https:\/\/aspanin.cat\/es\/#website"},"primaryImageOfPage":{"@id":"https:\/\/aspanin.cat\/es\/club-llevant\/#primaryimage"},"image":{"@id":"https:\/\/aspanin.cat\/es\/club-llevant\/#primaryimage"},"thumbnailUrl":"https:\/\/aspanin.cat\/wp-content\/uploads\/2023\/04\/club_llevant-1024x768.jpg","datePublished":"2023-02-21T09:00:16+00:00","dateModified":"2025-11-18T12:06:26+00:00","inLanguage":"es","potentialAction":[{"@type":"ReadAction","target":["https:\/\/aspanin.cat\/es\/club-llevant\/"]}]},{"@type":"ImageObject","inLanguage":"es","@id":"https:\/\/aspanin.cat\/es\/club-llevant\/#primaryimage","url":"https:\/\/aspanin.cat\/wp-content\/uploads\/2023\/04\/club_llevant-1024x768.jpg","contentUrl":"https:\/\/aspanin.cat\/wp-content\/uploads\/2023\/04\/club_llevant-1024x768.jpg"},{"@type":"WebSite","@id":"https:\/\/aspanin.cat\/es\/#website","url":"https:\/\/aspanin.cat\/es\/","name":"ASPANIN","description":"Pro persones amb discapacitat intel\u00b7lectual i les seves fam\u00edlies","publisher":{"@id":"https:\/\/aspanin.cat\/es\/#organization"},"potentialAction":[{"@type":"SearchAction","target":{"@type":"EntryPoint","urlTemplate":"https:\/\/aspanin.cat\/es\/?s={search_term_string}"},"query-input":{"@type":"PropertyValueSpecification","valueRequired":true,"valueName":"search_term_string"}}],"inLanguage":"es"},{"@type":"Organization","@id":"https:\/\/aspanin.cat\/es\/#organization","name":"ASPANIN","url":"https:\/\/aspanin.cat\/es\/","logo":{"@type":"ImageObject","inLanguage":"es","@id":"https:\/\/aspanin.cat\/es\/#\/schema\/logo\/image\/","url":"https:\/\/aspanin.cat\/wp-content\/uploads\/2020\/07\/logo.gif","contentUrl":"https:\/\/aspanin.cat\/wp-content\/uploads\/2020\/07\/logo.gif","width":587,"height":190,"caption":"ASPANIN"},"image":{"@id":"https:\/\/aspanin.cat\/es\/#\/schema\/logo\/image\/"}}]}},"_links":{"self":[{"href":"https:\/\/aspanin.cat\/es\/wp-json\/wp\/v2\/pages\/12452","targetHints":{"allow":["GET"]}}],"collection":[{"href":"https:\/\/aspanin.cat\/es\/wp-json\/wp\/v2\/pages"}],"about":[{"href":"https:\/\/aspanin.cat\/es\/wp-json\/wp\/v2\/types\/page"}],"author":[{"embeddable":true,"href":"https:\/\/aspanin.cat\/es\/wp-json\/wp\/v2\/users\/1"}],"replies":[{"embeddable":true,"href":"https:\/\/aspanin.cat\/es\/wp-json\/wp\/v2\/comments?post=12452"}],"version-history":[{"count":4,"href":"https:\/\/aspanin.cat\/es\/wp-json\/wp\/v2\/pages\/12452\/revisions"}],"predecessor-version":[{"id":13765,"href":"https:\/\/aspanin.cat\/es\/wp-json\/wp\/v2\/pages\/12452\/revisions\/13765"}],"wp:attachment":[{"href":"https:\/\/aspanin.cat\/es\/wp-json\/wp\/v2\/media?parent=12452"}],"curies":[{"name":"wp","href":"https:\/\/api.w.org\/{rel}","templated":true}]}}