{"id":12451,"date":"2023-02-21T09:01:34","date_gmt":"2023-02-21T09:01:34","guid":{"rendered":"https:\/\/aspanin.cat\/programa-de-apoyo-a-la-autonomia\/"},"modified":"2023-10-25T10:00:45","modified_gmt":"2023-10-25T10:00:45","slug":"programa-de-apoyo-a-la-autonomia","status":"publish","type":"page","link":"https:\/\/aspanin.cat\/es\/programa-de-apoyo-a-la-autonomia\/","title":{"rendered":"Programa de apoyo a la autonom\u00eda"},"content":{"rendered":"\t\t<div data-elementor-type=\"wp-page\" data-elementor-id=\"12451\" class=\"elementor elementor-12451 elementor-822\" data-elementor-post-type=\"page\">\n\t\t\t\t\t\t<section class=\"elementor-section elementor-top-section elementor-element elementor-element-65246276 elementor-section-boxed elementor-section-height-default elementor-section-height-default\" data-id=\"65246276\" data-element_type=\"section\" data-e-type=\"section\">\n\t\t\t\t\t\t<div class=\"elementor-container elementor-column-gap-default\">\n\t\t\t\t\t<div class=\"elementor-column elementor-col-100 elementor-top-column elementor-element elementor-element-b6f65\" data-id=\"b6f65\" data-element_type=\"column\" data-e-type=\"column\">\n\t\t\t<div class=\"elementor-widget-wrap elementor-element-populated\">\n\t\t\t\t\t\t<div class=\"elementor-element elementor-element-6c36b790 elementor-widget elementor-widget-heading\" data-id=\"6c36b790\" data-element_type=\"widget\" data-e-type=\"widget\" data-widget_type=\"heading.default\">\n\t\t\t\t\t<h1 class=\"elementor-heading-title elementor-size-default\">Servicio de autonom\u00eda al propio hogar<\/h1>\t\t\t\t<\/div>\n\t\t\t\t<div class=\"elementor-element elementor-element-703b899d elementor-widget-divider--view-line elementor-widget elementor-widget-divider\" data-id=\"703b899d\" data-element_type=\"widget\" data-e-type=\"widget\" data-widget_type=\"divider.default\">\n\t\t\t\t\t\t\t<div class=\"elementor-divider\">\n\t\t\t<span class=\"elementor-divider-separator\">\n\t\t\t\t\t\t<\/span>\n\t\t<\/div>\n\t\t\t\t\t\t<\/div>\n\t\t\t\t\t<\/div>\n\t\t<\/div>\n\t\t\t\t\t<\/div>\n\t\t<\/section>\n\t\t\t\t<section class=\"elementor-section elementor-top-section elementor-element elementor-element-bfabb84 elementor-section-boxed elementor-section-height-default elementor-section-height-default\" data-id=\"bfabb84\" data-element_type=\"section\" data-e-type=\"section\">\n\t\t\t\t\t\t<div class=\"elementor-container elementor-column-gap-default\">\n\t\t\t\t\t<div class=\"elementor-column elementor-col-50 elementor-top-column elementor-element elementor-element-f388eb6\" data-id=\"f388eb6\" data-element_type=\"column\" data-e-type=\"column\">\n\t\t\t<div class=\"elementor-widget-wrap elementor-element-populated\">\n\t\t\t\t\t\t<div class=\"elementor-element elementor-element-e6b0ab2 elementor-widget elementor-widget-text-editor\" data-id=\"e6b0ab2\" data-element_type=\"widget\" data-e-type=\"widget\" data-widget_type=\"text-editor.default\">\n\t\t\t\t\t\t\t\t\t<p>El Servicio de autonom\u00eda al propio Hogar, es un modelo de vida independiente con la supervisi\u00f3n <br \/>profesional necesaria. <strong><span style=\"color: #99cc00;\">Este servicio ofrece apoyo a la vivienda a aquellas personas que<\/span><\/strong><br \/><strong><span style=\"color: #99cc00;\">quieren vivir de forma independiente, en un piso de la Fundaci\u00f3n o bien en su propio piso<\/span><\/strong>.<br \/>Para acceder a este servicio, se puede hacer de forma subvencionada en caso de que tenga la solicitud <br \/>aprobada y haya plaza p\u00fablica, o de manera privada.<\/p>\n\t\t\t\t\t\t\t\t<\/div>\n\t\t\t\t<div class=\"elementor-element elementor-element-6bceb5d elementor-widget elementor-widget-image\" data-id=\"6bceb5d\" data-element_type=\"widget\" data-e-type=\"widget\" data-widget_type=\"image.default\">\n\t\t\t\t\t\t\t\t\t\t\t\t\t\t\t<img fetchpriority=\"high\" decoding=\"async\" width=\"1024\" height=\"768\" src=\"https:\/\/aspanin.cat\/wp-content\/uploads\/2023\/04\/Suport-a-la-llar-1024x768.jpeg\" class=\"attachment-large size-large wp-image-12252\" alt=\"\" srcset=\"https:\/\/aspanin.cat\/wp-content\/uploads\/2023\/04\/Suport-a-la-llar-1024x768.jpeg 1024w, https:\/\/aspanin.cat\/wp-content\/uploads\/2023\/04\/Suport-a-la-llar-300x225.jpeg 300w, https:\/\/aspanin.cat\/wp-content\/uploads\/2023\/04\/Suport-a-la-llar-768x576.jpeg 768w, https:\/\/aspanin.cat\/wp-content\/uploads\/2023\/04\/Suport-a-la-llar-1536x1152.jpeg 1536w, https:\/\/aspanin.cat\/wp-content\/uploads\/2023\/04\/Suport-a-la-llar.jpeg 1600w\" sizes=\"(max-width: 1024px) 100vw, 1024px\" \/>\t\t\t\t\t\t\t\t\t\t\t\t\t\t\t<\/div>\n\t\t\t\t\t<\/div>\n\t\t<\/div>\n\t\t\t\t<div class=\"elementor-column elementor-col-50 elementor-top-column elementor-element elementor-element-470c675c\" data-id=\"470c675c\" data-element_type=\"column\" data-e-type=\"column\">\n\t\t\t<div class=\"elementor-widget-wrap elementor-element-populated\">\n\t\t\t\t\t\t<div class=\"elementor-element elementor-element-1d9e7c30 elementor-widget elementor-widget-heading\" data-id=\"1d9e7c30\" data-element_type=\"widget\" data-e-type=\"widget\" data-widget_type=\"heading.default\">\n\t\t\t\t\t<h2 class=\"elementor-heading-title elementor-size-default\">Colabora<\/h2>\t\t\t\t<\/div>\n\t\t\t\t<div class=\"elementor-element elementor-element-2d5609e3 elementor-widget__width-initial elementor--h-position-center elementor--v-position-middle elementor-arrows-position-inside elementor-pagination-position-inside elementor-widget elementor-widget-slides\" data-id=\"2d5609e3\" data-element_type=\"widget\" data-e-type=\"widget\" data-settings=\"{&quot;navigation&quot;:&quot;both&quot;,&quot;transition&quot;:&quot;slide&quot;,&quot;transition_speed&quot;:500}\" data-widget_type=\"slides.default\">\n\t\t\t\t\t\t\t\t\t\t<div class=\"elementor-slides-wrapper elementor-main-swiper swiper\" role=\"region\" aria-roledescription=\"carousel\" aria-label=\"Slides\" dir=\"ltr\" data-animation=\"\">\n\t\t\t\t<div class=\"swiper-wrapper elementor-slides\">\n\t\t\t\t\t\t\t\t\t\t<div class=\"elementor-repeater-item-bca1e80 swiper-slide\" role=\"group\" aria-roledescription=\"slide\"><div class=\"swiper-slide-bg\" role=\"img\" aria-label=\"Collabora\"><\/div><a class=\"swiper-slide-inner\" href=\"https:\/\/aspanin.cat\/es\/dona\/\"><div class=\"swiper-slide-contents\"><div class=\"elementor-slide-heading\">AY\u00daDANOS A MEJORAR LA CALIDAD DE VIDA DE LAS PERSONAS CON DISCAPACIDAD INTELECTUAL<\/div><\/div><\/a><\/div>\t\t\t\t<\/div>\n\t\t\t\t\t\t\t<\/div>\n\t\t\t\t\t\t\t\t<\/div>\n\t\t\t\t<div class=\"elementor-element elementor-element-1e410c9c elementor-widget__width-initial elementor-widget elementor-widget-heading\" data-id=\"1e410c9c\" data-element_type=\"widget\" data-e-type=\"widget\" data-widget_type=\"heading.default\">\n\t\t\t\t\t<h2 class=\"elementor-heading-title elementor-size-default\">Ay\u00fadanos<\/h2>\t\t\t\t<\/div>\n\t\t\t\t\t<\/div>\n\t\t<\/div>\n\t\t\t\t\t<\/div>\n\t\t<\/section>\n\t\t\t\t<\/div>\n\t\t","protected":false},"excerpt":{"rendered":"<p>Servicio de autonom\u00eda al propio hogar El Servicio de autonom\u00eda al propio Hogar, es un modelo de vida independiente con la supervisi\u00f3n profesional necesaria. Este servicio ofrece apoyo a la vivienda a aquellas personas quequieren vivir de forma independiente, en un piso de la Fundaci\u00f3n o bien en su propio piso.Para acceder a este servicio, [&hellip;]<\/p>\n","protected":false},"author":1,"featured_media":0,"parent":0,"menu_order":0,"comment_status":"closed","ping_status":"closed","template":"","meta":{"site-sidebar-layout":"no-sidebar","site-content-layout":"page-builder","ast-site-content-layout":"default","site-content-style":"default","site-sidebar-style":"default","ast-global-header-display":"","ast-banner-title-visibility":"","ast-main-header-display":"","ast-hfb-above-header-display":"","ast-hfb-below-header-display":"","ast-hfb-mobile-header-display":"","site-post-title":"disabled","ast-breadcrumbs-content":"","ast-featured-img":"disabled","footer-sml-layout":"","ast-disable-related-posts":"","theme-transparent-header-meta":"default","adv-header-id-meta":"","stick-header-meta":"","header-above-stick-meta":"","header-main-stick-meta":"","header-below-stick-meta":"","astra-migrate-meta-layouts":"default","ast-page-background-enabled":"default","ast-page-background-meta":{"desktop":{"background-color":"var(--ast-global-color-4)","background-image":"","background-repeat":"repeat","background-position":"center center","background-size":"auto","background-attachment":"scroll","background-type":"","background-media":"","overlay-type":"","overlay-color":"","overlay-opacity":"","overlay-gradient":""},"tablet":{"background-color":"","background-image":"","background-repeat":"repeat","background-position":"center center","background-size":"auto","background-attachment":"scroll","background-type":"","background-media":"","overlay-type":"","overlay-color":"","overlay-opacity":"","overlay-gradient":""},"mobile":{"background-color":"","background-image":"","background-repeat":"repeat","background-position":"center center","background-size":"auto","background-attachment":"scroll","background-type":"","background-media":"","overlay-type":"","overlay-color":"","overlay-opacity":"","overlay-gradient":""}},"ast-content-background-meta":{"desktop":{"background-color":"var(--ast-global-color-5)","background-image":"","background-repeat":"repeat","background-position":"center center","background-size":"auto","background-attachment":"scroll","background-type":"","background-media":"","overlay-type":"","overlay-color":"","overlay-opacity":"","overlay-gradient":""},"tablet":{"background-color":"var(--ast-global-color-5)","background-image":"","background-repeat":"repeat","background-position":"center center","background-size":"auto","background-attachment":"scroll","background-type":"","background-media":"","overlay-type":"","overlay-color":"","overlay-opacity":"","overlay-gradient":""},"mobile":{"background-color":"var(--ast-global-color-5)","background-image":"","background-repeat":"repeat","background-position":"center center","background-size":"auto","background-attachment":"scroll","background-type":"","background-media":"","overlay-type":"","overlay-color":"","overlay-opacity":"","overlay-gradient":""}},"footnotes":""},"class_list":["post-12451","page","type-page","status-publish","hentry"],"yoast_head":"<!-- This site is optimized with the Yoast SEO plugin v27.4 - https:\/\/yoast.com\/product\/yoast-seo-wordpress\/ -->\n<title>Programa de apoyo a la autonom\u00eda - ASPANIN<\/title>\n<meta name=\"robots\" content=\"index, follow, max-snippet:-1, max-image-preview:large, max-video-preview:-1\" \/>\n<link rel=\"canonical\" href=\"https:\/\/aspanin.cat\/es\/programa-de-apoyo-a-la-autonomia\/\" \/>\n<meta property=\"og:locale\" content=\"es_ES\" \/>\n<meta property=\"og:type\" content=\"article\" \/>\n<meta property=\"og:title\" content=\"Programa de apoyo a la autonom\u00eda - ASPANIN\" \/>\n<meta property=\"og:description\" content=\"Servicio de autonom\u00eda al propio hogar El Servicio de autonom\u00eda al propio Hogar, es un modelo de vida independiente con la supervisi\u00f3n profesional necesaria. Este servicio ofrece apoyo a la vivienda a aquellas personas quequieren vivir de forma independiente, en un piso de la Fundaci\u00f3n o bien en su propio piso.Para acceder a este servicio, [&hellip;]\" \/>\n<meta property=\"og:url\" content=\"https:\/\/aspanin.cat\/es\/programa-de-apoyo-a-la-autonomia\/\" \/>\n<meta property=\"og:site_name\" content=\"ASPANIN\" \/>\n<meta property=\"article:modified_time\" content=\"2023-10-25T10:00:45+00:00\" \/>\n<meta property=\"og:image\" content=\"https:\/\/aspanin.cat\/wp-content\/uploads\/2023\/04\/Suport-a-la-llar-1024x768.jpeg\" \/>\n<meta name=\"twitter:card\" content=\"summary_large_image\" \/>\n<meta name=\"twitter:label1\" content=\"Tiempo de lectura\" \/>\n\t<meta name=\"twitter:data1\" content=\"1 minuto\" \/>\n<script type=\"application\/ld+json\" class=\"yoast-schema-graph\">{\"@context\":\"https:\\\/\\\/schema.org\",\"@graph\":[{\"@type\":\"WebPage\",\"@id\":\"https:\\\/\\\/aspanin.cat\\\/es\\\/programa-de-apoyo-a-la-autonomia\\\/\",\"url\":\"https:\\\/\\\/aspanin.cat\\\/es\\\/programa-de-apoyo-a-la-autonomia\\\/\",\"name\":\"Programa de apoyo a la autonom\u00eda - ASPANIN\",\"isPartOf\":{\"@id\":\"https:\\\/\\\/aspanin.cat\\\/es\\\/#website\"},\"primaryImageOfPage\":{\"@id\":\"https:\\\/\\\/aspanin.cat\\\/es\\\/programa-de-apoyo-a-la-autonomia\\\/#primaryimage\"},\"image\":{\"@id\":\"https:\\\/\\\/aspanin.cat\\\/es\\\/programa-de-apoyo-a-la-autonomia\\\/#primaryimage\"},\"thumbnailUrl\":\"https:\\\/\\\/aspanin.cat\\\/wp-content\\\/uploads\\\/2023\\\/04\\\/Suport-a-la-llar-1024x768.jpeg\",\"datePublished\":\"2023-02-21T09:01:34+00:00\",\"dateModified\":\"2023-10-25T10:00:45+00:00\",\"inLanguage\":\"es\",\"potentialAction\":[{\"@type\":\"ReadAction\",\"target\":[\"https:\\\/\\\/aspanin.cat\\\/es\\\/programa-de-apoyo-a-la-autonomia\\\/\"]}]},{\"@type\":\"ImageObject\",\"inLanguage\":\"es\",\"@id\":\"https:\\\/\\\/aspanin.cat\\\/es\\\/programa-de-apoyo-a-la-autonomia\\\/#primaryimage\",\"url\":\"https:\\\/\\\/aspanin.cat\\\/wp-content\\\/uploads\\\/2023\\\/04\\\/Suport-a-la-llar-1024x768.jpeg\",\"contentUrl\":\"https:\\\/\\\/aspanin.cat\\\/wp-content\\\/uploads\\\/2023\\\/04\\\/Suport-a-la-llar-1024x768.jpeg\"},{\"@type\":\"WebSite\",\"@id\":\"https:\\\/\\\/aspanin.cat\\\/es\\\/#website\",\"url\":\"https:\\\/\\\/aspanin.cat\\\/es\\\/\",\"name\":\"ASPANIN\",\"description\":\"Pro persones amb discapacitat intel\u00b7lectual i les seves fam\u00edlies\",\"publisher\":{\"@id\":\"https:\\\/\\\/aspanin.cat\\\/es\\\/#organization\"},\"potentialAction\":[{\"@type\":\"SearchAction\",\"target\":{\"@type\":\"EntryPoint\",\"urlTemplate\":\"https:\\\/\\\/aspanin.cat\\\/es\\\/?s={search_term_string}\"},\"query-input\":{\"@type\":\"PropertyValueSpecification\",\"valueRequired\":true,\"valueName\":\"search_term_string\"}}],\"inLanguage\":\"es\"},{\"@type\":\"Organization\",\"@id\":\"https:\\\/\\\/aspanin.cat\\\/es\\\/#organization\",\"name\":\"ASPANIN\",\"url\":\"https:\\\/\\\/aspanin.cat\\\/es\\\/\",\"logo\":{\"@type\":\"ImageObject\",\"inLanguage\":\"es\",\"@id\":\"https:\\\/\\\/aspanin.cat\\\/es\\\/#\\\/schema\\\/logo\\\/image\\\/\",\"url\":\"https:\\\/\\\/aspanin.cat\\\/wp-content\\\/uploads\\\/2020\\\/07\\\/logo.gif\",\"contentUrl\":\"https:\\\/\\\/aspanin.cat\\\/wp-content\\\/uploads\\\/2020\\\/07\\\/logo.gif\",\"width\":587,\"height\":190,\"caption\":\"ASPANIN\"},\"image\":{\"@id\":\"https:\\\/\\\/aspanin.cat\\\/es\\\/#\\\/schema\\\/logo\\\/image\\\/\"}}]}<\/script>\n<!-- \/ Yoast SEO plugin. -->","yoast_head_json":{"title":"Programa de apoyo a la autonom\u00eda - ASPANIN","robots":{"index":"index","follow":"follow","max-snippet":"max-snippet:-1","max-image-preview":"max-image-preview:large","max-video-preview":"max-video-preview:-1"},"canonical":"https:\/\/aspanin.cat\/es\/programa-de-apoyo-a-la-autonomia\/","og_locale":"es_ES","og_type":"article","og_title":"Programa de apoyo a la autonom\u00eda - ASPANIN","og_description":"Servicio de autonom\u00eda al propio hogar El Servicio de autonom\u00eda al propio Hogar, es un modelo de vida independiente con la supervisi\u00f3n profesional necesaria. Este servicio ofrece apoyo a la vivienda a aquellas personas quequieren vivir de forma independiente, en un piso de la Fundaci\u00f3n o bien en su propio piso.Para acceder a este servicio, [&hellip;]","og_url":"https:\/\/aspanin.cat\/es\/programa-de-apoyo-a-la-autonomia\/","og_site_name":"ASPANIN","article_modified_time":"2023-10-25T10:00:45+00:00","og_image":[{"url":"https:\/\/aspanin.cat\/wp-content\/uploads\/2023\/04\/Suport-a-la-llar-1024x768.jpeg","type":"","width":"","height":""}],"twitter_card":"summary_large_image","twitter_misc":{"Tiempo de lectura":"1 minuto"},"schema":{"@context":"https:\/\/schema.org","@graph":[{"@type":"WebPage","@id":"https:\/\/aspanin.cat\/es\/programa-de-apoyo-a-la-autonomia\/","url":"https:\/\/aspanin.cat\/es\/programa-de-apoyo-a-la-autonomia\/","name":"Programa de apoyo a la autonom\u00eda - ASPANIN","isPartOf":{"@id":"https:\/\/aspanin.cat\/es\/#website"},"primaryImageOfPage":{"@id":"https:\/\/aspanin.cat\/es\/programa-de-apoyo-a-la-autonomia\/#primaryimage"},"image":{"@id":"https:\/\/aspanin.cat\/es\/programa-de-apoyo-a-la-autonomia\/#primaryimage"},"thumbnailUrl":"https:\/\/aspanin.cat\/wp-content\/uploads\/2023\/04\/Suport-a-la-llar-1024x768.jpeg","datePublished":"2023-02-21T09:01:34+00:00","dateModified":"2023-10-25T10:00:45+00:00","inLanguage":"es","potentialAction":[{"@type":"ReadAction","target":["https:\/\/aspanin.cat\/es\/programa-de-apoyo-a-la-autonomia\/"]}]},{"@type":"ImageObject","inLanguage":"es","@id":"https:\/\/aspanin.cat\/es\/programa-de-apoyo-a-la-autonomia\/#primaryimage","url":"https:\/\/aspanin.cat\/wp-content\/uploads\/2023\/04\/Suport-a-la-llar-1024x768.jpeg","contentUrl":"https:\/\/aspanin.cat\/wp-content\/uploads\/2023\/04\/Suport-a-la-llar-1024x768.jpeg"},{"@type":"WebSite","@id":"https:\/\/aspanin.cat\/es\/#website","url":"https:\/\/aspanin.cat\/es\/","name":"ASPANIN","description":"Pro persones amb discapacitat intel\u00b7lectual i les seves fam\u00edlies","publisher":{"@id":"https:\/\/aspanin.cat\/es\/#organization"},"potentialAction":[{"@type":"SearchAction","target":{"@type":"EntryPoint","urlTemplate":"https:\/\/aspanin.cat\/es\/?s={search_term_string}"},"query-input":{"@type":"PropertyValueSpecification","valueRequired":true,"valueName":"search_term_string"}}],"inLanguage":"es"},{"@type":"Organization","@id":"https:\/\/aspanin.cat\/es\/#organization","name":"ASPANIN","url":"https:\/\/aspanin.cat\/es\/","logo":{"@type":"ImageObject","inLanguage":"es","@id":"https:\/\/aspanin.cat\/es\/#\/schema\/logo\/image\/","url":"https:\/\/aspanin.cat\/wp-content\/uploads\/2020\/07\/logo.gif","contentUrl":"https:\/\/aspanin.cat\/wp-content\/uploads\/2020\/07\/logo.gif","width":587,"height":190,"caption":"ASPANIN"},"image":{"@id":"https:\/\/aspanin.cat\/es\/#\/schema\/logo\/image\/"}}]}},"_links":{"self":[{"href":"https:\/\/aspanin.cat\/es\/wp-json\/wp\/v2\/pages\/12451","targetHints":{"allow":["GET"]}}],"collection":[{"href":"https:\/\/aspanin.cat\/es\/wp-json\/wp\/v2\/pages"}],"about":[{"href":"https:\/\/aspanin.cat\/es\/wp-json\/wp\/v2\/types\/page"}],"author":[{"embeddable":true,"href":"https:\/\/aspanin.cat\/es\/wp-json\/wp\/v2\/users\/1"}],"replies":[{"embeddable":true,"href":"https:\/\/aspanin.cat\/es\/wp-json\/wp\/v2\/comments?post=12451"}],"version-history":[{"count":5,"href":"https:\/\/aspanin.cat\/es\/wp-json\/wp\/v2\/pages\/12451\/revisions"}],"predecessor-version":[{"id":13161,"href":"https:\/\/aspanin.cat\/es\/wp-json\/wp\/v2\/pages\/12451\/revisions\/13161"}],"wp:attachment":[{"href":"https:\/\/aspanin.cat\/es\/wp-json\/wp\/v2\/media?parent=12451"}],"curies":[{"name":"wp","href":"https:\/\/api.w.org\/{rel}","templated":true}]}}